{"id":44,"date":"2022-04-01T02:05:51","date_gmt":"2022-04-01T02:05:51","guid":{"rendered":"https:\/\/raymonddouglasmd.com\/?page_id=44"},"modified":"2024-11-09T03:21:55","modified_gmt":"2024-11-09T03:21:55","slug":"nuestras-condiciones","status":"publish","type":"page","link":"https:\/\/raymonddouglasmd.com\/es\/nuestras-condiciones","title":{"rendered":"Condiciones generales"},"content":{"rendered":"<p>Este sitio Web Practice se le ofrece a Usted condicionado a la aceptaci\u00f3n sin excepciones de los t\u00e9rminos, condiciones y avisos aqu\u00ed contenidos. La utilizaci\u00f3n del Sitio Web Practice por parte del usuario constituye la aceptaci\u00f3n de tales t\u00e9rminos, condiciones y comunicaciones.<\/p>\n\n\n\n<h2 class=\"wp-block-heading\">MODIFICACI\u00d3N DE ESTAS CONDICIONES DE USO<\/h2>\n\n\n\n<p>Esta Pr\u00e1ctica se reserva el derecho a modificar los t\u00e9rminos, condiciones y avisos bajo los cuales se ofrece este Sitio Web Pr\u00e1ctica, incluyendo, pero no limitado a, los cargos asociados con el uso de este Sitio Web Pr\u00e1ctica.<\/p>\n\n\n\n<h2 class=\"wp-block-heading\">ENLACES A SITIOS DE TERCEROS<\/h2>\n\n\n\n<p>El Sitio Web Practice puede contener links a otros sitios web(\"Linked Sites\" - \"Sitios Conectados\"). This Practice no controla los Linked Sites\/Sitios Conectados y por tanto no es responsable de los contenidos de los Linked Sites\/Sitios Conectados, incluido sin limitaci\u00f3n cualquier links contenido en los Linked Sites\/Sitios Conectados, o cualquier modificaci\u00f3n o actualizaci\u00f3n de un Linked Site\/Sitio Conectado. This Practice no es responsable de los webcasting o cualquier otra forma de transmisi\u00f3n de informaci\u00f3n recibida desde cualqueir Linked Site\/Sitio Conectado. This Practice suministra tales links solamente come ventaja, y la inclusi\u00f3n del link no implica reconocimiento alguno por parte de This Practice del sitio o de cualquier forma de asociaci\u00f3n con sus gestores.<\/p>\n\n\n\n<h2 class=\"wp-block-heading\">NING\u00daN USO IL\u00cdCITO O PROHIBIDO<\/h2>\n\n\n\n<p>Como condici\u00f3n para el uso por parte del usuario del Sitio Web Practice, el usuario garantiza a Practice que no utilizar\u00e1 el Sitio Web Practice para finalidades ilegales o prohibidas desde estos t\u00e9rminos, condiciones y comunicaciones. Est\u00e1 prohibido utilizar el Sitio Web Practice de manera que pueda da\u00f1ar, deshabilitar, sobrecargar, o poner en peligro el Sitio Web Practice o interferir con el uso y el goce de terceras partes del Sitio Web Practice. El usuario no puede obtener o intentar obtener cualquier material o informaci\u00f3n mediante cualquier medio que no sea intencionalmente puesto disponible o suministrado mediante los Sitios Web de Practice.<\/p>\n\n\n\n<h2 class=\"wp-block-heading\">USO DE LOS SERVICIOS DE COMUNICACI\u00d3N<\/h2>\n\n\n\n<p>Este Sitio Web Practice puede contener servicios de exposici\u00f3n electr\u00f3nica, \u00e1reas chat, newsgroup, foro, comunidad, p\u00e1ginas web personales, calendarios, y\/u otros servicios de comunicaci\u00f3n o mensajes creados para habilitar al usuario a comunicar con otros sujetos o con un grupo (conjuntamente, \"Servicios de Comunicaci\u00f3n\"), el usuario acepta usar los Servicios de Comuniciaci\u00f3n solamente para enviar y recibir mensajes y material apropiado y relativo al particular Servicio de Comunicaci\u00f3n. A modo de ejemplo, y no como una limitaci\u00f3n, usted acepta que al utilizar un Servicio de Comunicaci\u00f3n, no lo har\u00e1:<\/p>\n\n\n\n<ul class=\"wp-block-list\">\n<li>Difamar, abusar, acosar, acechar, amenazar o violar de cualquier otro modo los derechos legales (como los derechos de privacidad y publicidad) de otros.<\/li>\n\n\n\n<li>Publicar, anunciar, cargar, distribuir o difundir cualquier tema, nombre, material o informaci\u00f3n inapropiados, profanos, difamatorios, infractores, obscenos, indecentes o ilegales.<\/li>\n\n\n\n<li>Cargar archivos que contengan software u otro material protegido por leyes de propiedad intelectual (o por derechos de privacidad o publicidad) a menos que usted posea o controle los derechos correspondientes o haya recibido todos los consentimientos necesarios.<\/li>\n\n\n\n<li>Cargar archivos que contengan virus, archivos corruptos o cualquier otro software o programa similar que pueda da\u00f1ar el funcionamiento del ordenador de otra persona.<\/li>\n\n\n\n<li>Anunciar u ofrecer la venta o compra de bienes o servicios con fines comerciales, a menos que dicho servicio de comunicaci\u00f3n permita espec\u00edficamente este tipo de mensajes.<\/li>\n\n\n\n<li>Realizar o reenviar encuestas, concursos, esquemas piramidales o cartas en cadena.<\/li>\n\n\n\n<li>Descargar cualquier archivo publicado por otro usuario de un Servicio de Comunicaci\u00f3n que usted sepa, o razonablemente debiera saber, que no puede distribuirse legalmente de esa manera.<\/li>\n\n\n\n<li>Falsificar o eliminar cualquier atribuci\u00f3n de autor, aviso legal o de otro tipo, o designaciones o etiquetas de propiedad del origen o fuente del software u otro material contenido en un archivo que se cargue.<\/li>\n\n\n\n<li>Restringir o impedir a cualquier otro usuario el uso y disfrute de los Servicios de Comunicaci\u00f3n.<\/li>\n\n\n\n<li>Violar cualquier c\u00f3digo de conducta u otras directrices que puedan ser aplicables a cualquier Servicio de Comunicaci\u00f3n en particular.<\/li>\n\n\n\n<li>Recoger o recopilar de cualquier otro modo informaci\u00f3n sobre otras personas, incluidas direcciones de correo electr\u00f3nico, sin su consentimiento.<\/li>\n\n\n\n<li>Violar cualquier ley o normativa aplicable.<\/li>\n<\/ul>\n\n\n\n<p>Esta Pr\u00e1ctica no tiene obligaci\u00f3n de monitorizar los Servicios de Comunicaci\u00f3n. Sin embargo, This Practice se reserva el derecho de revisar el material enviado a un Servicio de Comunicaci\u00f3n y de quitar cualquier material a su \u00fanica discrecci\u00f3n. This Practice se reserva el derecho de suspender el acceso al usuario a cualquiera o todos los Servicios de Comunicaci\u00f3n en cualquier momento sin preaviso por cualquier motivo.<\/p>\n\n\n\n<p>Los materiales cargados en un Servicio de Comunicaci\u00f3n pueden estar sujetos a limitaciones de uso, reproducci\u00f3n y\/o difusi\u00f3n. Usted es responsable de respetar dichas limitaciones si descarga los materiales.<\/p>\n\n\n\n<h2 class=\"wp-block-heading\">EXENCI\u00d3N DE RESPONSABILIDAD<\/h2>\n\n\n\n<p>LA INFORMACI\u00d3N, EL SOFTWARE, LOS PRODUCTOS Y LOS SERVICIOS INCLUIDOS O DISPONIBLES A TRAV\u00c9S DE ESTE SITIO WEB DE PRACTICE PUEDEN CONTENER IMPRECISIONES O ERRORES TIPOGR\u00c1FICOS. PERI\u00d3DICAMENTE SE INTRODUCEN CAMBIOS EN LA INFORMACI\u00d3N AQU\u00cd CONTENIDA. ESTE SITIO WEB PRACTICE Y\/O SUS PROVEEDORES PUEDEN REALIZAR EN CUALQUIER MOMENTO MODIFICACIONES O MEJORAS AL SITIO WEB PRACTICE. SUGERENCIAS RECIBIDAS MEDIANTE EL PRESENTE SITIO WEB NO DEBEN SER TOMADAS EN CONSIDERACI\u00d3N PARA DECISIONES DE NATURALEZA PERSONAL, M\u00c9DICA, LEGAL O FINANCIERA Y ES NECESARIO CONSULTAR CON UN PROFESIONAL APROPIADO PARA UN CONSEJO ESPEC\u00cdFICO A LOS PROPIAS EXIGENCIAS<\/p>\n\n\n\n<p>ESTA PR\u00c1CTICA Y\/O SUS PROVEEDORES, NO SON REPRESENTACI\u00d3N DE LA CONVENIENCIA, CONFIABILIDAD, DISPONIBILIDAD, ACTUALIDAD, NI LA EXACTITUD DE LA INFORMACI\u00d3N, SOFTWARE, PRODUCTOS, SERVICIOS Y GR\u00c1FICOS RELACIONADOS; CONTENIDOS EN EL SITIO WEB DE ESTA PR\u00c1CTICA, SEA CUAL FUERE SU PROP\u00d3SITO. EN LA MEDIDA M\u00c1XIMA PERMITIDA POR LA LEY APLICABLE, TODA LA INFORMACI\u00d3N, SOFTWARE, PRODUCTOS, SERVICIOS Y GR\u00c1FICOS RELACIONADOS SE PROPORCIONAN \"TAL CUAL\", SIN GARANT\u00cdA NI CONDICI\u00d3N DE NING\u00daN TIPO. THIS PRACTICE Y\/O SUS PROVEEDORES RECHAZAN POR ESTE MEDIO TODAS LAS GARANT\u00cdAS Y CONDICIONES EN RELACI\u00d3N CON ESTA INFORMACI\u00d3N, SOFTWARE, PRODUCTOS, SERVICIOS Y GR\u00c1FICOS RELACIONADOS, INCLUYENDO TODAS LAS GARANT\u00cdAS O CONDICIONES IMPL\u00cdCITAS EN LA COMERCIALIZACI\u00d3N, ADECUACI\u00d3N A UN PROP\u00d3SITO ESPEC\u00cdFICO, TITULACI\u00d3N Y NO INFRACCI\u00d3N.<\/p>\n\n\n\n<p>EN LA MEDIDA M\u00c1XIMA PERMITIDA POR LA LEY APLICABLE, EN NING\u00daN CASO ESTA PR\u00c1CTICA Y\/O SUS PROVEEDORES SER\u00c1N RESPONSABLES DE NING\u00daN DA\u00d1O DIRECTO, INDIRECTO, PUNITIVO, INCIDENTAL, ESPECIAL, CONSECUENTE O CUALQUIER DA\u00d1O INCLUYENDO, SIN LIMITACI\u00d3N, DA\u00d1OS POR P\u00c9RDIDA DE USO, DATOS O BENEFICIOS, QUE SURJAN DE O EST\u00c9N DE ALGUNA MANERA RELACIONADOS CON EL USO O RENDIMIENTO DE ESTE SITIO WEB DE PR\u00c1CTICA, CON EL RETRASO O LA IMPOSIBILIDAD DE USO DE ESTE SITIO WEB DE PR\u00c1CTICA O SERVICIOS RELACIONADOS, LA PROVISI\u00d3N O FALLA EN LA PROVISI\u00d3N DE SERVICIOS, O POR CUALQUIER INFORMACI\u00d3N, SOFTWARE, PRODUCTOS, SERVICIOS Y GR\u00c1FICOS RELACIONADOS OBTENIDOS A TRAV\u00c9S DE ESTE SITIO WEB DE PRACTICE, O DE CUALQUIER OTRA FORMA SURGIDOS A PARTIR DEL USO DE ESTE SITIO WEB DE PRACTICE, YA SEA QUE SE BASEN EN UN CONTRATO, AGRAVIO, NEGLIGENCIA, ESTRICTA RESPONSABILIDAD O CUALQUIER OTRA FORMA, AUN CUANDO PRACTICE O CUALQUIERA DE SUS PROVEEDORES HAYAN SIDO ADVERTIDOS ACERCA DE LA POSIBILIDAD DE DA\u00d1OS. DEBIDO A QUE ALGUNOS ESTADOS\/JURISDICCIONES NO PERMITEN LA EXCLUSI\u00d3N O LIMITACI\u00d3N DE RESPONSABILIDAD POR DA\u00d1OS CONSECUENCIALES O INCIDENTALES, LA LIMITACI\u00d3N ANTERIOR PUEDE NO APLICARSE A USTED. SI NO EST\u00c1S SATISFECHO CON ALGUNA PARTE DE ESTE SITIO WEB DE PRACTICE, O CON ALGUNA DE ESTAS CONDICIONES DE USO, TU \u00daNICA Y EXCLUSIVA SOLUCI\u00d3N ES DEJAR DE UTILIZAR ESTE SITIO WEB DE PRACTICE.<\/p>\n\n\n\n<h2 class=\"wp-block-heading\">AVISOS SOBRE DERECHOS DE AUTOR Y MARCAS REGISTRADAS:<\/h2>\n\n\n\n<p>Todos los contenidos de este sitio web son \u00a9 Copyright 2022 Copyright Raymond Douglas, MD PHD. Todos los derechos reservados. Todos los logotipos son marcas comerciales y marcas de servicio de Raymond Douglas, MD PHD. Todas las dem\u00e1s marcas comerciales, marcas de servicio y logotipos utilizados en este sitio web son propiedad de sus respectivos due\u00f1os.<\/p>\n\n\n\n<h2 class=\"wp-block-heading\">MARCAS<\/h2>\n\n\n\n<p>Los nombres de empresas y productos reales aqu\u00ed mencionados pueden ser marcas registradas de sus respectivos propietarios.<\/p>\n\n\n\n<p>Los ejemplos de empresas, organizaciones, productos, personas y acontecimientos que aqu\u00ed se describen son ficticios. No se pretende ni debe inferirse asociaci\u00f3n alguna con ninguna empresa, organizaci\u00f3n, producto, persona o acontecimiento reales.<\/p>\n\n\n\n<p>Quedan reservados todos los derechos no concedidos expresamente en el presente documento.<\/p>\n\n\n\n<h2 class=\"wp-block-heading\">AVISOS<\/h2>\n\n\n\n<p>P\u00f3ngase en contacto con nosotros por tel\u00e9fono en el 310-363-8757 o por correo en 9675 Brighton Way, Suite 410, Beverly Hills, CA 90210.<\/p>","protected":false},"excerpt":{"rendered":"<p>This Practice Web Site is offered to you conditioned on your acceptance without modification of the terms, conditions, and notices contained herein. Your use of this Practice Web Site constitutes [&hellip;]<\/p>\n","protected":false},"author":1,"featured_media":0,"parent":0,"menu_order":0,"comment_status":"closed","ping_status":"closed","template":"","meta":{"site-sidebar-layout":"default","site-content-layout":"","ast-site-content-layout":"default","site-content-style":"default","site-sidebar-style":"default","ast-global-header-display":"","ast-banner-title-visibility":"","ast-main-header-display":"","ast-hfb-above-header-display":"","ast-hfb-below-header-display":"","ast-hfb-mobile-header-display":"","site-post-title":"","ast-breadcrumbs-content":"","ast-featured-img":"","footer-sml-layout":"","ast-disable-related-posts":"","theme-transparent-header-meta":"","adv-header-id-meta":"","stick-header-meta":"","header-above-stick-meta":"","header-main-stick-meta":"","header-below-stick-meta":"","astra-migrate-meta-layouts":"set","ast-page-background-enabled":"default","ast-page-background-meta":{"desktop":{"background-color":"var(--ast-global-color-4)","background-image":"","background-repeat":"repeat","background-position":"center center","background-size":"auto","background-attachment":"scroll","background-type":"","background-media":"","overlay-type":"","overlay-color":"","overlay-opacity":"","overlay-gradient":""},"tablet":{"background-color":"","background-image":"","background-repeat":"repeat","background-position":"center center","background-size":"auto","background-attachment":"scroll","background-type":"","background-media":"","overlay-type":"","overlay-color":"","overlay-opacity":"","overlay-gradient":""},"mobile":{"background-color":"","background-image":"","background-repeat":"repeat","background-position":"center center","background-size":"auto","background-attachment":"scroll","background-type":"","background-media":"","overlay-type":"","overlay-color":"","overlay-opacity":"","overlay-gradient":""}},"ast-content-background-meta":{"desktop":{"background-color":"var(--ast-global-color-5)","background-image":"","background-repeat":"repeat","background-position":"center center","background-size":"auto","background-attachment":"scroll","background-type":"","background-media":"","overlay-type":"","overlay-color":"","overlay-opacity":"","overlay-gradient":""},"tablet":{"background-color":"var(--ast-global-color-5)","background-image":"","background-repeat":"repeat","background-position":"center center","background-size":"auto","background-attachment":"scroll","background-type":"","background-media":"","overlay-type":"","overlay-color":"","overlay-opacity":"","overlay-gradient":""},"mobile":{"background-color":"var(--ast-global-color-5)","background-image":"","background-repeat":"repeat","background-position":"center center","background-size":"auto","background-attachment":"scroll","background-type":"","background-media":"","overlay-type":"","overlay-color":"","overlay-opacity":"","overlay-gradient":""}},"footnotes":""},"class_list":["post-44","page","type-page","status-publish","hentry"],"_links":{"self":[{"href":"https:\/\/raymonddouglasmd.com\/es\/wp-json\/wp\/v2\/pages\/44","targetHints":{"allow":["GET"]}}],"collection":[{"href":"https:\/\/raymonddouglasmd.com\/es\/wp-json\/wp\/v2\/pages"}],"about":[{"href":"https:\/\/raymonddouglasmd.com\/es\/wp-json\/wp\/v2\/types\/page"}],"author":[{"embeddable":true,"href":"https:\/\/raymonddouglasmd.com\/es\/wp-json\/wp\/v2\/users\/1"}],"replies":[{"embeddable":true,"href":"https:\/\/raymonddouglasmd.com\/es\/wp-json\/wp\/v2\/comments?post=44"}],"version-history":[{"count":5,"href":"https:\/\/raymonddouglasmd.com\/es\/wp-json\/wp\/v2\/pages\/44\/revisions"}],"predecessor-version":[{"id":4507,"href":"https:\/\/raymonddouglasmd.com\/es\/wp-json\/wp\/v2\/pages\/44\/revisions\/4507"}],"wp:attachment":[{"href":"https:\/\/raymonddouglasmd.com\/es\/wp-json\/wp\/v2\/media?parent=44"}],"curies":[{"name":"wp","href":"https:\/\/api.w.org\/{rel}","templated":true}]}}