{"id":4,"date":"2022-04-01T01:35:27","date_gmt":"2022-04-01T01:35:27","guid":{"rendered":"https:\/\/raymonddouglasmd.com\/welcome-to-http-drraydouglas-com"},"modified":"2022-04-01T01:35:27","modified_gmt":"2022-04-01T01:35:27","slug":"bienvenido-a-http-drraydouglas-com","status":"publish","type":"page","link":"https:\/\/raymonddouglasmd.com\/es\/bienvenido-a-http-drraydouglas-com","title":{"rendered":"Bienvenido a https:\/\/raymonddouglasmd.com"},"content":{"rendered":"<p>Esta es tu p\u00e1gina de inicio. Es diferente de una entrada de blog, ya que permanecer\u00e1 en un solo lugar y se mostrar\u00e1 en la navegaci\u00f3n del sitio (en la mayor\u00eda de los temas).<\/p>\n\n\n\n<p>Como usuario registrado de WordPress, puede editar esta p\u00e1gina haciendo clic en el bot\u00f3n <strong>Editar p\u00e1gina<\/strong> de la barra de herramientas. La p\u00e1gina podr\u00eda presentarte a ti mismo, o a tu empresa, a los visitantes potenciales del sitio y decir algo como esto:<\/p>\n\n\n\n<blockquote class=\"wp-block-quote is-layout-flow wp-block-quote-is-layout-flow\">\n    <p>Hola a todos. Soy mensajero en bicicleta de d\u00eda, aspirante a actor de noche, y este es mi sitio web. Vivo en Los \u00c1ngeles, tengo un perro estupendo que se llama Jack y me gustan las pi\u00f1as coladas. (Y que me pille la lluvia).<\/p>\n<\/blockquote>\n\n\n\n<p>...o algo as\u00ed:<\/p>\n\n\n\n<blockquote class=\"wp-block-quote is-layout-flow wp-block-quote-is-layout-flow\">\n    <p>XYZ Doohickey Company se fund\u00f3 en 1971 y, desde entonces, ofrece al p\u00fablico doohickeys de calidad. Situada en Gotham City, XYZ emplea a m\u00e1s de 2.000 personas y hace todo tipo de cosas incre\u00edbles para la comunidad de Gotham.<\/p>\n<\/blockquote>\n\n\n\n<p>Si prefiere que se muestre una lista de sus \u00faltimas publicaciones en su p\u00e1gina de inicio, debe ir a su secci\u00f3n <a href='https:\/\/raymonddouglasmd.com\/wp-admin\/options-reading.php'>Ajustes<\/a> y elige \"Tus \u00faltimas entradas\" como opci\u00f3n de p\u00e1gina de inicio.<\/p>\n\n\n\n<p>\u00a1Que te diviertas!<\/p>","protected":false},"excerpt":{"rendered":"<p>This is your homepage. It&#8217;s different from a blog post because it will stay in one place and will show up in your site navigation (in most themes). As a [&hellip;]<\/p>\n","protected":false},"author":1,"featured_media":0,"parent":0,"menu_order":0,"comment_status":"closed","ping_status":"open","template":"","meta":{"site-sidebar-layout":"default","site-content-layout":"","ast-site-content-layout":"default","site-content-style":"default","site-sidebar-style":"default","ast-global-header-display":"","ast-banner-title-visibility":"","ast-main-header-display":"","ast-hfb-above-header-display":"","ast-hfb-below-header-display":"","ast-hfb-mobile-header-display":"","site-post-title":"","ast-breadcrumbs-content":"","ast-featured-img":"","footer-sml-layout":"","ast-disable-related-posts":"","theme-transparent-header-meta":"","adv-header-id-meta":"","stick-header-meta":"","header-above-stick-meta":"","header-main-stick-meta":"","header-below-stick-meta":"","astra-migrate-meta-layouts":"default","ast-page-background-enabled":"default","ast-page-background-meta":{"desktop":{"background-color":"var(--ast-global-color-4)","background-image":"","background-repeat":"repeat","background-position":"center center","background-size":"auto","background-attachment":"scroll","background-type":"","background-media":"","overlay-type":"","overlay-color":"","overlay-opacity":"","overlay-gradient":""},"tablet":{"background-color":"","background-image":"","background-repeat":"repeat","background-position":"center center","background-size":"auto","background-attachment":"scroll","background-type":"","background-media":"","overlay-type":"","overlay-color":"","overlay-opacity":"","overlay-gradient":""},"mobile":{"background-color":"","background-image":"","background-repeat":"repeat","background-position":"center center","background-size":"auto","background-attachment":"scroll","background-type":"","background-media":"","overlay-type":"","overlay-color":"","overlay-opacity":"","overlay-gradient":""}},"ast-content-background-meta":{"desktop":{"background-color":"var(--ast-global-color-5)","background-image":"","background-repeat":"repeat","background-position":"center center","background-size":"auto","background-attachment":"scroll","background-type":"","background-media":"","overlay-type":"","overlay-color":"","overlay-opacity":"","overlay-gradient":""},"tablet":{"background-color":"var(--ast-global-color-5)","background-image":"","background-repeat":"repeat","background-position":"center center","background-size":"auto","background-attachment":"scroll","background-type":"","background-media":"","overlay-type":"","overlay-color":"","overlay-opacity":"","overlay-gradient":""},"mobile":{"background-color":"var(--ast-global-color-5)","background-image":"","background-repeat":"repeat","background-position":"center center","background-size":"auto","background-attachment":"scroll","background-type":"","background-media":"","overlay-type":"","overlay-color":"","overlay-opacity":"","overlay-gradient":""}},"footnotes":""},"class_list":["post-4","page","type-page","status-publish","hentry"],"_links":{"self":[{"href":"https:\/\/raymonddouglasmd.com\/es\/wp-json\/wp\/v2\/pages\/4","targetHints":{"allow":["GET"]}}],"collection":[{"href":"https:\/\/raymonddouglasmd.com\/es\/wp-json\/wp\/v2\/pages"}],"about":[{"href":"https:\/\/raymonddouglasmd.com\/es\/wp-json\/wp\/v2\/types\/page"}],"author":[{"embeddable":true,"href":"https:\/\/raymonddouglasmd.com\/es\/wp-json\/wp\/v2\/users\/1"}],"replies":[{"embeddable":true,"href":"https:\/\/raymonddouglasmd.com\/es\/wp-json\/wp\/v2\/comments?post=4"}],"version-history":[{"count":0,"href":"https:\/\/raymonddouglasmd.com\/es\/wp-json\/wp\/v2\/pages\/4\/revisions"}],"wp:attachment":[{"href":"https:\/\/raymonddouglasmd.com\/es\/wp-json\/wp\/v2\/media?parent=4"}],"curies":[{"name":"wp","href":"https:\/\/api.w.org\/{rel}","templated":true}]}}