{"id":3,"date":"2022-03-31T07:53:49","date_gmt":"2022-03-31T07:53:49","guid":{"rendered":"https:\/\/raymonddouglasmd.com\/?page_id=3"},"modified":"2024-11-09T03:25:11","modified_gmt":"2024-11-09T03:25:11","slug":"politica-de-privacidad","status":"publish","type":"page","link":"https:\/\/raymonddouglasmd.com\/es\/politica-de-privacidad","title":{"rendered":"Pol\u00edtica de privacidad"},"content":{"rendered":"<h2 class=\"wp-block-heading\">DECLARACI\u00d3N DE PRIVACIDAD<\/h2>\n\n\n\n<p>Nos comprometemos a proteger su privacidad y a desarrollar tecnolog\u00eda que le proporcione la experiencia en l\u00ednea m\u00e1s potente y segura. Esta declaraci\u00f3n de privacidad se aplica al sitio web de nuestra consulta y regula la recopilaci\u00f3n y el uso de datos. Al utilizar este sitio web, usted acepta las pr\u00e1cticas de datos descritas en esta declaraci\u00f3n.<\/p>\n\n\n\n<h2 class=\"wp-block-heading\">Recogida de sus datos personales<\/h2>\n\n\n\n<p>Esta pr\u00e1ctica recoge informaci\u00f3n de identificaci\u00f3n personal, como su direcci\u00f3n de correo electr\u00f3nico, nombre, direcci\u00f3n de casa o del trabajo o n\u00famero de tel\u00e9fono. Esta Pr\u00e1ctica tambi\u00e9n recopila informaci\u00f3n demogr\u00e1fica an\u00f3nima, que no es exclusiva de usted, como su c\u00f3digo postal, edad, sexo, preferencias, intereses y favoritos.<\/p>\n\n\n\n<p>Tambi\u00e9n hay informaci\u00f3n sobre el hardware y el software de su ordenador que este sitio web recoge autom\u00e1ticamente. Esta informaci\u00f3n puede incluir: su direcci\u00f3n IP, tipo de navegador, nombres de dominio, tiempos de acceso y direcciones de sitios web de referencia. Esta informaci\u00f3n se utiliza para el funcionamiento del servicio, para mantener la calidad del servicio y para proporcionar estad\u00edsticas generales sobre el uso de este sitio web.<\/p>\n\n\n\n<p>Por favor, tenga en cuenta que si usted divulga directamente informaci\u00f3n de identificaci\u00f3n personal o datos sensibles a trav\u00e9s de foros de mensajes p\u00fablicos, esta informaci\u00f3n puede ser recogida y utilizada por otros.<\/p>\n\n\n\n<p>Esta pr\u00e1ctica le anima a revisar las declaraciones de privacidad de los sitios Web que usted elija para vincular desde el sitio web para que pueda entender c\u00f3mo esos sitios Web recopilar, utilizar y compartir su informaci\u00f3n. Esta pr\u00e1ctica no es responsable de las declaraciones de privacidad u otro contenido en cualquier otro sitio Web.<\/p>\n\n\n\n<h2 class=\"wp-block-heading\">Uso de sus datos personales<\/h2>\n\n\n\n<p>Esta pr\u00e1ctica recoge y utiliza su informaci\u00f3n personal para operar el sitio Web y prestar los servicios que ha solicitado. Esta Pr\u00e1ctica tambi\u00e9n utiliza la informaci\u00f3n de su identificaci\u00f3n personal para informarlo acerca de otros productos o servicios disponibles en esta Pr\u00e1ctica y sus afiliados. This Practice puede tambi\u00e9n ponerse en contacto contigo mediante encuestas, para conocer tu opini\u00f3n sobre los servicios prestados actualmente o potenciales servicios a ofrecer en el futuro.<\/p>\n\n\n\n<p>This Practice no vende, alquila o arrienda su lista de clientes a terceras partes. This Practice s\u00ed puede compartir datos con socios fiables que ayudan y\/o en los que delega el an\u00e1lisis estad\u00edstico, el env\u00edo de correo electr\u00f3nico o postal, la atenci\u00f3n al cliente, o los arreglos para la distribuci\u00f3n y entrega. Todas estas terceras partes tienen expresamente prohibido el uso de la informaci\u00f3n personal que pueda identificarlo salvo para poder proveer estos servicios y est\u00e1n obligados a mantener la confidencialidad de su informaci\u00f3n.<\/p>\n\n\n\n<p>Esta Pr\u00e1ctica no utiliza ni divulga informaci\u00f3n personal sensible, como raza, religi\u00f3n o afiliaciones pol\u00edticas, sin su consentimiento expl\u00edcito.<\/p>\n\n\n\n<p>Este Consultorio s\u00f3lo revelar\u00e1 sus datos personales, sin previo aviso, si as\u00ed se lo exige la ley.<\/p>\n\n\n\n<h2 class=\"wp-block-heading\">Uso de cookies<\/h2>\n\n\n\n<p>El sitio web utiliza \"cookies\" para ayudar a esta Pr\u00e1ctica a personalizar su experiencia en l\u00ednea. Una cookie es un archivo de texto que un servidor de p\u00e1ginas web coloca en su disco duro. Las cookies no pueden utilizarse para ejecutar programas o enviar virus a su ordenador. Las cookies se le asignan a usted de forma exclusiva y s\u00f3lo pueden ser le\u00eddas por un servidor web del dominio que emiti\u00f3 la cookie para usted.<\/p>\n\n\n\n<h2 class=\"wp-block-heading\">Seguridad de sus datos personales<\/h2>\n\n\n\n<p>This Practice asegura su informaci\u00f3n personal frente al acceso, uso o divulgaci\u00f3n no autorizados. Esta Pr\u00e1ctica mantiene la informaci\u00f3n de identificaci\u00f3n personal que Usted haya provisto, en servidores ubicados en un ambiente controlado y seguro, protegidos del acceso, uso o divulgaci\u00f3n no autorizados. Cuando la informaci\u00f3n personal (como un n\u00famero de tarjeta de cr\u00e9dito) se transmite a otros sitios Web, se protege mediante el uso de cifrado, como el protocolo Secure Socket Layer (SSL).<\/p>\n\n\n\n<h2 class=\"wp-block-heading\">Cambios en esta declaraci\u00f3n<\/h2>\n\n\n\n<p>This Practice podr\u00e1 ocasionalmente actualizar esta Declaraci\u00f3n de Privacidad para reflejar las sugerencias tanto de la compa\u00f1\u00eda como de los clientes. Le animamos a revisar peri\u00f3dicamente esta Declaraci\u00f3n para estar informado de c\u00f3mo esta Pr\u00e1ctica est\u00e1 protegiendo su informaci\u00f3n.<\/p>\n\n\n\n<h2 class=\"wp-block-heading\">Informaci\u00f3n de contacto<\/h2>\n\n\n\n<p>P\u00f3ngase en contacto con nosotros por tel\u00e9fono en el 310-363-8757 o por correo en 9675 Brighton Way, Suite 410, Beverly Hills, CA 90210.<\/p>","protected":false},"excerpt":{"rendered":"<p>PRIVACY STATEMENT We are committed to protecting your privacy and developing technology that gives you the most powerful and safe online experience. This Statement of Privacy applies to our Practice&#8217;s [&hellip;]<\/p>\n","protected":false},"author":1,"featured_media":0,"parent":0,"menu_order":0,"comment_status":"closed","ping_status":"open","template":"","meta":{"site-sidebar-layout":"default","site-content-layout":"","ast-site-content-layout":"default","site-content-style":"default","site-sidebar-style":"default","ast-global-header-display":"","ast-banner-title-visibility":"","ast-main-header-display":"","ast-hfb-above-header-display":"","ast-hfb-below-header-display":"","ast-hfb-mobile-header-display":"","site-post-title":"","ast-breadcrumbs-content":"","ast-featured-img":"","footer-sml-layout":"","ast-disable-related-posts":"","theme-transparent-header-meta":"","adv-header-id-meta":"","stick-header-meta":"","header-above-stick-meta":"","header-main-stick-meta":"","header-below-stick-meta":"","astra-migrate-meta-layouts":"set","ast-page-background-enabled":"default","ast-page-background-meta":{"desktop":{"background-color":"var(--ast-global-color-4)","background-image":"","background-repeat":"repeat","background-position":"center center","background-size":"auto","background-attachment":"scroll","background-type":"","background-media":"","overlay-type":"","overlay-color":"","overlay-opacity":"","overlay-gradient":""},"tablet":{"background-color":"","background-image":"","background-repeat":"repeat","background-position":"center center","background-size":"auto","background-attachment":"scroll","background-type":"","background-media":"","overlay-type":"","overlay-color":"","overlay-opacity":"","overlay-gradient":""},"mobile":{"background-color":"","background-image":"","background-repeat":"repeat","background-position":"center center","background-size":"auto","background-attachment":"scroll","background-type":"","background-media":"","overlay-type":"","overlay-color":"","overlay-opacity":"","overlay-gradient":""}},"ast-content-background-meta":{"desktop":{"background-color":"var(--ast-global-color-5)","background-image":"","background-repeat":"repeat","background-position":"center center","background-size":"auto","background-attachment":"scroll","background-type":"","background-media":"","overlay-type":"","overlay-color":"","overlay-opacity":"","overlay-gradient":""},"tablet":{"background-color":"var(--ast-global-color-5)","background-image":"","background-repeat":"repeat","background-position":"center center","background-size":"auto","background-attachment":"scroll","background-type":"","background-media":"","overlay-type":"","overlay-color":"","overlay-opacity":"","overlay-gradient":""},"mobile":{"background-color":"var(--ast-global-color-5)","background-image":"","background-repeat":"repeat","background-position":"center center","background-size":"auto","background-attachment":"scroll","background-type":"","background-media":"","overlay-type":"","overlay-color":"","overlay-opacity":"","overlay-gradient":""}},"footnotes":""},"class_list":["post-3","page","type-page","status-publish","hentry"],"_links":{"self":[{"href":"https:\/\/raymonddouglasmd.com\/es\/wp-json\/wp\/v2\/pages\/3","targetHints":{"allow":["GET"]}}],"collection":[{"href":"https:\/\/raymonddouglasmd.com\/es\/wp-json\/wp\/v2\/pages"}],"about":[{"href":"https:\/\/raymonddouglasmd.com\/es\/wp-json\/wp\/v2\/types\/page"}],"author":[{"embeddable":true,"href":"https:\/\/raymonddouglasmd.com\/es\/wp-json\/wp\/v2\/users\/1"}],"replies":[{"embeddable":true,"href":"https:\/\/raymonddouglasmd.com\/es\/wp-json\/wp\/v2\/comments?post=3"}],"version-history":[{"count":3,"href":"https:\/\/raymonddouglasmd.com\/es\/wp-json\/wp\/v2\/pages\/3\/revisions"}],"predecessor-version":[{"id":4509,"href":"https:\/\/raymonddouglasmd.com\/es\/wp-json\/wp\/v2\/pages\/3\/revisions\/4509"}],"wp:attachment":[{"href":"https:\/\/raymonddouglasmd.com\/es\/wp-json\/wp\/v2\/media?parent=3"}],"curies":[{"name":"wp","href":"https:\/\/api.w.org\/{rel}","templated":true}]}}