{"id":1687,"date":"2022-04-15T08:47:54","date_gmt":"2022-04-15T08:47:54","guid":{"rendered":"https:\/\/raymonddouglasmd.com\/?page_id=1687"},"modified":"2024-12-15T03:35:52","modified_gmt":"2024-12-15T03:35:52","slug":"antes-despues-cosmetica-ojo-abultado","status":"publish","type":"page","link":"https:\/\/raymonddouglasmd.com\/es\/antes-despues\/antes-despues-cosmetica-ojo-abultado","title":{"rendered":"Antes y despu\u00e9s - Cosm\u00e9tica de ojos saltones"},"content":{"rendered":"<div data-elementor-type=\"wp-page\" data-elementor-id=\"1687\" class=\"elementor elementor-1687\" data-elementor-post-type=\"page\">\n\t\t\t\t<div class=\"elementor-element elementor-element-52a2d77 e-grid e-con-boxed e-con e-parent\" data-id=\"52a2d77\" data-element_type=\"container\" data-e-type=\"container\">\n\t\t\t\t\t<div class=\"e-con-inner\">\n\t\t<div class=\"elementor-element elementor-element-56cb9d2 e-con-full e-flex e-con e-child\" data-id=\"56cb9d2\" data-element_type=\"container\" data-e-type=\"container\">\n\t\t\t\t<div class=\"elementor-element elementor-element-59a80eb elementor-widget elementor-widget-heading\" data-id=\"59a80eb\" data-element_type=\"widget\" data-e-type=\"widget\" data-widget_type=\"heading.default\">\n\t\t\t\t<div class=\"elementor-widget-container\">\n\t\t\t\t\t<h2 class=\"elementor-heading-title elementor-size-default\">Cosm\u00e9tica Ojos Saltones<\/h2>\t\t\t\t<\/div>\n\t\t\t\t<\/div>\n\t\t\t\t<div class=\"elementor-element elementor-element-e45d5dd elementor-widget elementor-widget-image\" data-id=\"e45d5dd\" data-element_type=\"widget\" data-e-type=\"widget\" data-widget_type=\"image.default\">\n\t\t\t\t<div class=\"elementor-widget-container\">\n\t\t\t\t\t\t\t\t\t\t\t\t\t\t\t<img fetchpriority=\"high\" decoding=\"async\" width=\"1060\" height=\"281\" src=\"https:\/\/raymonddouglasmd.com\/wp-content\/uploads\/2024\/12\/Cosmetic-Bulging-Eyes.jpg\" class=\"attachment-full size-full wp-image-5629\" alt=\"Cosm\u00e9tica Ojos Saltones\" srcset=\"https:\/\/raymonddouglasmd.com\/wp-content\/uploads\/2024\/12\/Cosmetic-Bulging-Eyes.jpg 1060w, https:\/\/raymonddouglasmd.com\/wp-content\/uploads\/2024\/12\/Cosmetic-Bulging-Eyes-300x80.jpg 300w, https:\/\/raymonddouglasmd.com\/wp-content\/uploads\/2024\/12\/Cosmetic-Bulging-Eyes-1024x271.jpg 1024w, https:\/\/raymonddouglasmd.com\/wp-content\/uploads\/2024\/12\/Cosmetic-Bulging-Eyes-768x204.jpg 768w\" sizes=\"(max-width: 1060px) 100vw, 1060px\" \/>\t\t\t\t\t\t\t\t\t\t\t\t\t\t\t<\/div>\n\t\t\t\t<\/div>\n\t\t\t\t<div class=\"elementor-element elementor-element-ee75c2a elementor-widget elementor-widget-text-editor\" data-id=\"ee75c2a\" data-element_type=\"widget\" data-e-type=\"widget\" data-widget_type=\"text-editor.default\">\n\t\t\t\t<div class=\"elementor-widget-container\">\n\t\t\t\t\t\t\t\t\t<p>Bonitos resultados tras la cirug\u00eda est\u00e9tica de ojos saltones.<\/p>\t\t\t\t\t\t\t\t<\/div>\n\t\t\t\t<\/div>\n\t\t\t\t<\/div>\n\t\t<div class=\"elementor-element elementor-element-e0f3a9b e-con-full e-flex e-con e-child\" data-id=\"e0f3a9b\" data-element_type=\"container\" data-e-type=\"container\">\n\t\t\t\t<div class=\"elementor-element elementor-element-53f495e elementor-widget elementor-widget-heading\" data-id=\"53f495e\" data-element_type=\"widget\" data-e-type=\"widget\" data-widget_type=\"heading.default\">\n\t\t\t\t<div class=\"elementor-widget-container\">\n\t\t\t\t\t<h2 class=\"elementor-heading-title elementor-size-default\">Ojos prominentes<\/h2>\t\t\t\t<\/div>\n\t\t\t\t<\/div>\n\t\t\t\t<div class=\"elementor-element elementor-element-e0c75aa elementor-widget elementor-widget-image\" data-id=\"e0c75aa\" data-element_type=\"widget\" data-e-type=\"widget\" data-widget_type=\"image.default\">\n\t\t\t\t<div class=\"elementor-widget-container\">\n\t\t\t\t\t\t\t\t\t\t\t\t\t\t\t<img decoding=\"async\" width=\"1060\" height=\"281\" src=\"https:\/\/raymonddouglasmd.com\/wp-content\/uploads\/2024\/12\/Prominent-Eyes.jpg\" class=\"attachment-full size-full wp-image-5636\" alt=\"Ojos prominentes\" srcset=\"https:\/\/raymonddouglasmd.com\/wp-content\/uploads\/2024\/12\/Prominent-Eyes.jpg 1060w, https:\/\/raymonddouglasmd.com\/wp-content\/uploads\/2024\/12\/Prominent-Eyes-300x80.jpg 300w, https:\/\/raymonddouglasmd.com\/wp-content\/uploads\/2024\/12\/Prominent-Eyes-1024x271.jpg 1024w, https:\/\/raymonddouglasmd.com\/wp-content\/uploads\/2024\/12\/Prominent-Eyes-768x204.jpg 768w\" sizes=\"(max-width: 1060px) 100vw, 1060px\" \/>\t\t\t\t\t\t\t\t\t\t\t\t\t\t\t<\/div>\n\t\t\t\t<\/div>\n\t\t\t\t<div class=\"elementor-element elementor-element-3de0611 elementor-widget elementor-widget-text-editor\" data-id=\"3de0611\" data-element_type=\"widget\" data-e-type=\"widget\" data-widget_type=\"text-editor.default\">\n\t\t\t\t<div class=\"elementor-widget-container\">\n\t\t\t\t\t\t\t\t\t<p>Un enfoque personalizado para corregir los ojos saltones no s\u00f3lo mejora el aspecto general de la paciente, sino que tambi\u00e9n corrige los problemas funcionales proporcion\u00e1ndole m\u00e1s comodidad.\u00a0<\/p>\t\t\t\t\t\t\t\t<\/div>\n\t\t\t\t<\/div>\n\t\t\t\t<\/div>\n\t\t<div class=\"elementor-element elementor-element-4552617 e-con-full e-flex e-con e-child\" data-id=\"4552617\" data-element_type=\"container\" data-e-type=\"container\">\n\t\t\t\t<div class=\"elementor-element elementor-element-0e8434a elementor-widget elementor-widget-heading\" data-id=\"0e8434a\" data-element_type=\"widget\" data-e-type=\"widget\" data-widget_type=\"heading.default\">\n\t\t\t\t<div class=\"elementor-widget-container\">\n\t\t\t\t\t<h2 class=\"elementor-heading-title elementor-size-default\">Ojos prominentes con reparaci\u00f3n de retracci\u00f3n de p\u00e1rpados<\/h2>\t\t\t\t<\/div>\n\t\t\t\t<\/div>\n\t\t\t\t<div class=\"elementor-element elementor-element-a803b9c elementor-widget elementor-widget-image\" data-id=\"a803b9c\" data-element_type=\"widget\" data-e-type=\"widget\" data-widget_type=\"image.default\">\n\t\t\t\t<div class=\"elementor-widget-container\">\n\t\t\t\t\t\t\t\t\t\t\t\t\t\t\t<img decoding=\"async\" width=\"1060\" height=\"281\" src=\"https:\/\/raymonddouglasmd.com\/wp-content\/uploads\/2024\/12\/Promoninet-Eyes-with-Eyelid-Retraction-Repair.jpg\" class=\"attachment-full size-full wp-image-5640\" alt=\"Promoninet Ojos con Reparaci\u00f3n Retracci\u00f3n P\u00e1rpados\" srcset=\"https:\/\/raymonddouglasmd.com\/wp-content\/uploads\/2024\/12\/Promoninet-Eyes-with-Eyelid-Retraction-Repair.jpg 1060w, https:\/\/raymonddouglasmd.com\/wp-content\/uploads\/2024\/12\/Promoninet-Eyes-with-Eyelid-Retraction-Repair-300x80.jpg 300w, https:\/\/raymonddouglasmd.com\/wp-content\/uploads\/2024\/12\/Promoninet-Eyes-with-Eyelid-Retraction-Repair-1024x271.jpg 1024w, https:\/\/raymonddouglasmd.com\/wp-content\/uploads\/2024\/12\/Promoninet-Eyes-with-Eyelid-Retraction-Repair-768x204.jpg 768w\" sizes=\"(max-width: 1060px) 100vw, 1060px\" \/>\t\t\t\t\t\t\t\t\t\t\t\t\t\t\t<\/div>\n\t\t\t\t<\/div>\n\t\t\t\t<div class=\"elementor-element elementor-element-5f5481f elementor-widget elementor-widget-text-editor\" data-id=\"5f5481f\" data-element_type=\"widget\" data-e-type=\"widget\" data-widget_type=\"text-editor.default\">\n\t\t\t\t<div class=\"elementor-widget-container\">\n\t\t\t\t\t\t\t\t\t<p>Despu\u00e9s de la intervenci\u00f3n con otro m\u00e9dico, esta paciente presentaba retracci\u00f3n de los p\u00e1rpados y no pod\u00eda cerrar los ojos correctamente. Ella tambi\u00e9n estaba experimentando dolor severo. El Dr. Douglas movi\u00f3 sus ojos hacia atr\u00e1s para crear m\u00e1s comodidad y una mejor est\u00e9tica.<\/p>\t\t\t\t\t\t\t\t<\/div>\n\t\t\t\t<\/div>\n\t\t\t\t<\/div>\n\t\t<div class=\"elementor-element elementor-element-7239955 e-con-full e-flex e-con e-child\" data-id=\"7239955\" data-element_type=\"container\" data-e-type=\"container\">\n\t\t\t\t<div class=\"elementor-element elementor-element-cb8512d elementor-widget elementor-widget-heading\" data-id=\"cb8512d\" data-element_type=\"widget\" data-e-type=\"widget\" data-widget_type=\"heading.default\">\n\t\t\t\t<div class=\"elementor-widget-container\">\n\t\t\t\t\t<h2 class=\"elementor-heading-title elementor-size-default\">Ojos prominentes<\/h2>\t\t\t\t<\/div>\n\t\t\t\t<\/div>\n\t\t\t\t<div class=\"elementor-element elementor-element-02843d7 elementor-widget elementor-widget-image\" data-id=\"02843d7\" data-element_type=\"widget\" data-e-type=\"widget\" data-widget_type=\"image.default\">\n\t\t\t\t<div class=\"elementor-widget-container\">\n\t\t\t\t\t\t\t\t\t\t\t\t\t\t\t<img loading=\"lazy\" decoding=\"async\" width=\"1060\" height=\"281\" src=\"https:\/\/raymonddouglasmd.com\/wp-content\/uploads\/2024\/12\/Prominent-Eyes-Beautiful-Results.jpg\" class=\"attachment-full size-full wp-image-5647\" alt=\"Ojos prominentes Resultados hermosos\" srcset=\"https:\/\/raymonddouglasmd.com\/wp-content\/uploads\/2024\/12\/Prominent-Eyes-Beautiful-Results.jpg 1060w, https:\/\/raymonddouglasmd.com\/wp-content\/uploads\/2024\/12\/Prominent-Eyes-Beautiful-Results-300x80.jpg 300w, https:\/\/raymonddouglasmd.com\/wp-content\/uploads\/2024\/12\/Prominent-Eyes-Beautiful-Results-1024x271.jpg 1024w, https:\/\/raymonddouglasmd.com\/wp-content\/uploads\/2024\/12\/Prominent-Eyes-Beautiful-Results-768x204.jpg 768w\" sizes=\"(max-width: 1060px) 100vw, 1060px\" \/>\t\t\t\t\t\t\t\t\t\t\t\t\t\t\t<\/div>\n\t\t\t\t<\/div>\n\t\t\t\t<div class=\"elementor-element elementor-element-9b5f74a elementor-widget elementor-widget-text-editor\" data-id=\"9b5f74a\" data-element_type=\"widget\" data-e-type=\"widget\" data-widget_type=\"text-editor.default\">\n\t\t\t\t<div class=\"elementor-widget-container\">\n\t\t\t\t\t\t\t\t\t<p>Hermosos resultados despu\u00e9s de la cirug\u00eda personalizada para ojos prominentes con el Dr. Douglas.<\/p>\t\t\t\t\t\t\t\t<\/div>\n\t\t\t\t<\/div>\n\t\t\t\t<\/div>\n\t\t<div class=\"elementor-element elementor-element-d9aae5a e-con-full e-flex e-con e-child\" data-id=\"d9aae5a\" data-element_type=\"container\" data-e-type=\"container\">\n\t\t\t\t<div class=\"elementor-element elementor-element-236dcba elementor-widget elementor-widget-heading\" data-id=\"236dcba\" data-element_type=\"widget\" data-e-type=\"widget\" data-widget_type=\"heading.default\">\n\t\t\t\t<div class=\"elementor-widget-container\">\n\t\t\t\t\t<h2 class=\"elementor-heading-title elementor-size-default\">Ojos prominentes<\/h2>\t\t\t\t<\/div>\n\t\t\t\t<\/div>\n\t\t\t\t<div class=\"elementor-element elementor-element-019be1f elementor-widget elementor-widget-image\" data-id=\"019be1f\" data-element_type=\"widget\" data-e-type=\"widget\" data-widget_type=\"image.default\">\n\t\t\t\t<div class=\"elementor-widget-container\">\n\t\t\t\t\t\t\t\t\t\t\t\t\t\t\t<img loading=\"lazy\" decoding=\"async\" width=\"1060\" height=\"281\" src=\"https:\/\/raymonddouglasmd.com\/wp-content\/uploads\/2024\/12\/Prominent-Eyes-fantastic-results-after-surgery-with-Dr-Douglas.jpg\" class=\"attachment-full size-full wp-image-5655\" alt=\"Prominent Eyes resultados fant\u00e1sticos despu\u00e9s de la cirug\u00eda con el Dr. Douglas\" srcset=\"https:\/\/raymonddouglasmd.com\/wp-content\/uploads\/2024\/12\/Prominent-Eyes-fantastic-results-after-surgery-with-Dr-Douglas.jpg 1060w, https:\/\/raymonddouglasmd.com\/wp-content\/uploads\/2024\/12\/Prominent-Eyes-fantastic-results-after-surgery-with-Dr-Douglas-300x80.jpg 300w, https:\/\/raymonddouglasmd.com\/wp-content\/uploads\/2024\/12\/Prominent-Eyes-fantastic-results-after-surgery-with-Dr-Douglas-1024x271.jpg 1024w, https:\/\/raymonddouglasmd.com\/wp-content\/uploads\/2024\/12\/Prominent-Eyes-fantastic-results-after-surgery-with-Dr-Douglas-768x204.jpg 768w\" sizes=\"(max-width: 1060px) 100vw, 1060px\" \/>\t\t\t\t\t\t\t\t\t\t\t\t\t\t\t<\/div>\n\t\t\t\t<\/div>\n\t\t\t\t<div class=\"elementor-element elementor-element-22018e0 elementor-widget elementor-widget-text-editor\" data-id=\"22018e0\" data-element_type=\"widget\" data-e-type=\"widget\" data-widget_type=\"text-editor.default\">\n\t\t\t\t<div class=\"elementor-widget-container\">\n\t\t\t\t\t\t\t\t\t<p>Este paciente tuvo resultados fant\u00e1sticos despu\u00e9s de la cirug\u00eda ocular prominente con el Dr. Douglas.<\/p>\t\t\t\t\t\t\t\t<\/div>\n\t\t\t\t<\/div>\n\t\t\t\t<\/div>\n\t\t<div class=\"elementor-element elementor-element-65fb870 e-con-full e-flex e-con e-child\" data-id=\"65fb870\" data-element_type=\"container\" data-e-type=\"container\">\n\t\t\t\t<div class=\"elementor-element elementor-element-047eb56 elementor-widget elementor-widget-heading\" data-id=\"047eb56\" data-element_type=\"widget\" data-e-type=\"widget\" data-widget_type=\"heading.default\">\n\t\t\t\t<div class=\"elementor-widget-container\">\n\t\t\t\t\t<h2 class=\"elementor-heading-title elementor-size-default\">Ojos prominentes<\/h2>\t\t\t\t<\/div>\n\t\t\t\t<\/div>\n\t\t\t\t<div class=\"elementor-element elementor-element-3093c4a elementor-widget elementor-widget-image\" data-id=\"3093c4a\" data-element_type=\"widget\" data-e-type=\"widget\" data-widget_type=\"image.default\">\n\t\t\t\t<div class=\"elementor-widget-container\">\n\t\t\t\t\t\t\t\t\t\t\t\t\t\t\t<img loading=\"lazy\" decoding=\"async\" width=\"1060\" height=\"281\" src=\"https:\/\/raymonddouglasmd.com\/wp-content\/uploads\/2024\/12\/After-surgery-with-Dr.-Douglas-this-patients-eyes-no-longer-appear-to-be-bulging.jpg\" class=\"attachment-full size-full wp-image-5665\" alt=\"Despu\u00e9s de la cirug\u00eda con el Dr. Douglas, los ojos de este paciente ya no parecen estar saltones.\" srcset=\"https:\/\/raymonddouglasmd.com\/wp-content\/uploads\/2024\/12\/After-surgery-with-Dr.-Douglas-this-patients-eyes-no-longer-appear-to-be-bulging.jpg 1060w, https:\/\/raymonddouglasmd.com\/wp-content\/uploads\/2024\/12\/After-surgery-with-Dr.-Douglas-this-patients-eyes-no-longer-appear-to-be-bulging-300x80.jpg 300w, https:\/\/raymonddouglasmd.com\/wp-content\/uploads\/2024\/12\/After-surgery-with-Dr.-Douglas-this-patients-eyes-no-longer-appear-to-be-bulging-1024x271.jpg 1024w, https:\/\/raymonddouglasmd.com\/wp-content\/uploads\/2024\/12\/After-surgery-with-Dr.-Douglas-this-patients-eyes-no-longer-appear-to-be-bulging-768x204.jpg 768w\" sizes=\"(max-width: 1060px) 100vw, 1060px\" \/>\t\t\t\t\t\t\t\t\t\t\t\t\t\t\t<\/div>\n\t\t\t\t<\/div>\n\t\t\t\t<div class=\"elementor-element elementor-element-e4da19a elementor-widget elementor-widget-text-editor\" data-id=\"e4da19a\" data-element_type=\"widget\" data-e-type=\"widget\" data-widget_type=\"text-editor.default\">\n\t\t\t\t<div class=\"elementor-widget-container\">\n\t\t\t\t\t\t\t\t\t<p>Despu\u00e9s de la cirug\u00eda con el Dr. Douglas, los ojos de este paciente ya no parecen estar saltones<\/p>\t\t\t\t\t\t\t\t<\/div>\n\t\t\t\t<\/div>\n\t\t\t\t<\/div>\n\t\t<div class=\"elementor-element elementor-element-04cddfe e-con-full e-flex e-con e-child\" data-id=\"04cddfe\" data-element_type=\"container\" data-e-type=\"container\">\n\t\t\t\t<div class=\"elementor-element elementor-element-943394a elementor-widget elementor-widget-heading\" data-id=\"943394a\" data-element_type=\"widget\" data-e-type=\"widget\" data-widget_type=\"heading.default\">\n\t\t\t\t<div class=\"elementor-widget-container\">\n\t\t\t\t\t<h2 class=\"elementor-heading-title elementor-size-default\">Ojos prominentes con la cirug\u00eda de revisi\u00f3n de p\u00e1rpados masculina<\/h2>\t\t\t\t<\/div>\n\t\t\t\t<\/div>\n\t\t\t\t<div class=\"elementor-element elementor-element-9f99ac1 elementor-widget elementor-widget-image\" data-id=\"9f99ac1\" data-element_type=\"widget\" data-e-type=\"widget\" data-widget_type=\"image.default\">\n\t\t\t\t<div class=\"elementor-widget-container\">\n\t\t\t\t\t\t\t\t\t\t\t\t\t\t\t<img loading=\"lazy\" decoding=\"async\" width=\"1060\" height=\"281\" src=\"https:\/\/raymonddouglasmd.com\/wp-content\/uploads\/2024\/12\/Prominent-Eyes-with-Male-Eyelid-Revision-Surgery-before-and-after.jpg\" class=\"attachment-full size-full wp-image-5675\" alt=\"Ojos prominentes con cirug\u00eda de revisi\u00f3n de p\u00e1rpados masculina antes y despu\u00e9s\" srcset=\"https:\/\/raymonddouglasmd.com\/wp-content\/uploads\/2024\/12\/Prominent-Eyes-with-Male-Eyelid-Revision-Surgery-before-and-after.jpg 1060w, https:\/\/raymonddouglasmd.com\/wp-content\/uploads\/2024\/12\/Prominent-Eyes-with-Male-Eyelid-Revision-Surgery-before-and-after-300x80.jpg 300w, https:\/\/raymonddouglasmd.com\/wp-content\/uploads\/2024\/12\/Prominent-Eyes-with-Male-Eyelid-Revision-Surgery-before-and-after-1024x271.jpg 1024w, https:\/\/raymonddouglasmd.com\/wp-content\/uploads\/2024\/12\/Prominent-Eyes-with-Male-Eyelid-Revision-Surgery-before-and-after-768x204.jpg 768w\" sizes=\"(max-width: 1060px) 100vw, 1060px\" \/>\t\t\t\t\t\t\t\t\t\t\t\t\t\t\t<\/div>\n\t\t\t\t<\/div>\n\t\t\t\t<div class=\"elementor-element elementor-element-6e562cc elementor-widget elementor-widget-text-editor\" data-id=\"6e562cc\" data-element_type=\"widget\" data-e-type=\"widget\" data-widget_type=\"text-editor.default\">\n\t\t\t\t<div class=\"elementor-widget-container\">\n\t\t\t\t\t\t\t\t\t<p>Este paciente tiene ojos prominentes. El Dr. Douglas levant\u00f3 la mejilla y a\u00f1adi\u00f3 volumen para que los ojos tuvieran un aspecto m\u00e1s normal.<\/p>\t\t\t\t\t\t\t\t<\/div>\n\t\t\t\t<\/div>\n\t\t\t\t<\/div>\n\t\t\t\t\t<\/div>\n\t\t\t\t<\/div>\n\t\t<div class=\"elementor-element elementor-element-c89d689 e-flex e-con-boxed e-con e-parent\" data-id=\"c89d689\" data-element_type=\"container\" data-e-type=\"container\">\n\t\t\t\t\t<div class=\"e-con-inner\">\n\t\t\t\t<div class=\"elementor-element elementor-element-637cdf2 elementor-widget elementor-widget-image\" data-id=\"637cdf2\" data-element_type=\"widget\" data-e-type=\"widget\" data-widget_type=\"image.default\">\n\t\t\t\t<div class=\"elementor-widget-container\">\n\t\t\t\t\t\t\t\t\t\t\t\t\t\t\t<img loading=\"lazy\" decoding=\"async\" width=\"500\" height=\"321\" src=\"https:\/\/raymonddouglasmd.com\/wp-content\/uploads\/2024\/11\/learn-more-image.png\" class=\"attachment-full size-full wp-image-4773\" alt=\"\" srcset=\"https:\/\/raymonddouglasmd.com\/wp-content\/uploads\/2024\/11\/learn-more-image.png 500w, https:\/\/raymonddouglasmd.com\/wp-content\/uploads\/2024\/11\/learn-more-image-300x193.png 300w\" sizes=\"(max-width: 500px) 100vw, 500px\" \/>\t\t\t\t\t\t\t\t\t\t\t\t\t\t\t<\/div>\n\t\t\t\t<\/div>\n\t\t\t\t<div class=\"elementor-element elementor-element-66bee59 elementor-widget elementor-widget-heading\" data-id=\"66bee59\" data-element_type=\"widget\" data-e-type=\"widget\" data-widget_type=\"heading.default\">\n\t\t\t\t<div class=\"elementor-widget-container\">\n\t\t\t\t\t<h2 class=\"elementor-heading-title elementor-size-default\">Consigue que el abultamiento de tus ojos vuelva a la normalidad<\/h2>\t\t\t\t<\/div>\n\t\t\t\t<\/div>\n\t\t\t\t<div class=\"elementor-element elementor-element-1ccf203 elementor-widget elementor-widget-text-editor\" data-id=\"1ccf203\" data-element_type=\"widget\" data-e-type=\"widget\" data-widget_type=\"text-editor.default\">\n\t\t\t\t<div class=\"elementor-widget-container\">\n\t\t\t\t\t\t\t\t\t<p>El Dr. Douglas es un experto cirujano oculopl\u00e1stico con experiencia en blefaroplastia inicial y de revisi\u00f3n. Para obtener m\u00e1s informaci\u00f3n, llame al Dr. Raymond Douglas, MD, PhD, o programar una consulta en l\u00ednea hoy.<\/p>\t\t\t\t\t\t\t\t<\/div>\n\t\t\t\t<\/div>\n\t\t<div class=\"elementor-element elementor-element-019f11e e-con-full e-flex e-con e-child\" data-id=\"019f11e\" data-element_type=\"container\" data-e-type=\"container\">\n\t\t\t\t<div class=\"elementor-element elementor-element-e2198e5 elementor-widget__width-auto elementor-mobile-align-center elementor-widget-mobile__width-inherit elementor-widget elementor-widget-button\" data-id=\"e2198e5\" data-element_type=\"widget\" data-e-type=\"widget\" data-widget_type=\"button.default\">\n\t\t\t\t<div class=\"elementor-widget-container\">\n\t\t\t\t\t\t\t\t\t<div class=\"elementor-button-wrapper\">\n\t\t\t\t\t<a class=\"elementor-button elementor-button-link elementor-size-md elementor-animation-shrink\" href=\"tel:3103638757\">\n\t\t\t\t\t\t<span class=\"elementor-button-content-wrapper\">\n\t\t\t\t\t\t<span class=\"elementor-button-icon\">\n\t\t\t\t<i aria-hidden=\"true\" class=\"fas fa-phone-alt\"><\/i>\t\t\t<\/span>\n\t\t\t\t\t\t\t\t\t<span class=\"elementor-button-text\">310-363-8757<\/span>\n\t\t\t\t\t<\/span>\n\t\t\t\t\t<\/a>\n\t\t\t\t<\/div>\n\t\t\t\t\t\t\t\t<\/div>\n\t\t\t\t<\/div>\n\t\t\t\t<div class=\"elementor-element elementor-element-44c8fb4 elementor-widget__width-auto elementor-mobile-align-center elementor-widget-mobile__width-inherit elementor-widget elementor-widget-button\" data-id=\"44c8fb4\" data-element_type=\"widget\" data-e-type=\"widget\" data-widget_type=\"button.default\">\n\t\t\t\t<div class=\"elementor-widget-container\">\n\t\t\t\t\t\t\t\t\t<div class=\"elementor-button-wrapper\">\n\t\t\t\t\t<a class=\"elementor-button elementor-button-link elementor-size-md elementor-animation-shrink\" href=\"\/es\/contactar-con-raymond-douglas\/\">\n\t\t\t\t\t\t<span class=\"elementor-button-content-wrapper\">\n\t\t\t\t\t\t\t\t\t<span class=\"elementor-button-text\">CONTACTO<\/span>\n\t\t\t\t\t<\/span>\n\t\t\t\t\t<\/a>\n\t\t\t\t<\/div>\n\t\t\t\t\t\t\t\t<\/div>\n\t\t\t\t<\/div>\n\t\t\t\t<\/div>\n\t\t\t\t\t<\/div>\n\t\t\t\t<\/div>\n\t\t\t\t<\/div>","protected":false},"excerpt":{"rendered":"<p>Cosmetic Bulging Eyes Beautiful results after cosmetic bulging eye surgery. Prominent Eyes A customized approach to correcting bulging eyes not only improves the patient&#8217;s overall appearance but also correct functional [&hellip;]<\/p>\n","protected":false},"author":1,"featured_media":0,"parent":96,"menu_order":0,"comment_status":"closed","ping_status":"closed","template":"","meta":{"site-sidebar-layout":"no-sidebar","site-content-layout":"page-builder","ast-site-content-layout":"full-width-container","site-content-style":"unboxed","site-sidebar-style":"unboxed","ast-global-header-display":"","ast-banner-title-visibility":"","ast-main-header-display":"","ast-hfb-above-header-display":"","ast-hfb-below-header-display":"","ast-hfb-mobile-header-display":"","site-post-title":"disabled","ast-breadcrumbs-content":"","ast-featured-img":"disabled","footer-sml-layout":"","ast-disable-related-posts":"","theme-transparent-header-meta":"","adv-header-id-meta":"","stick-header-meta":"","header-above-stick-meta":"","header-main-stick-meta":"","header-below-stick-meta":"","astra-migrate-meta-layouts":"set","ast-page-background-enabled":"default","ast-page-background-meta":{"desktop":{"background-color":"var(--ast-global-color-4)","background-image":"","background-repeat":"repeat","background-position":"center center","background-size":"auto","background-attachment":"scroll","background-type":"","background-media":"","overlay-type":"","overlay-color":"","overlay-opacity":"","overlay-gradient":""},"tablet":{"background-color":"","background-image":"","background-repeat":"repeat","background-position":"center center","background-size":"auto","background-attachment":"scroll","background-type":"","background-media":"","overlay-type":"","overlay-color":"","overlay-opacity":"","overlay-gradient":""},"mobile":{"background-color":"","background-image":"","background-repeat":"repeat","background-position":"center center","background-size":"auto","background-attachment":"scroll","background-type":"","background-media":"","overlay-type":"","overlay-color":"","overlay-opacity":"","overlay-gradient":""}},"ast-content-background-meta":{"desktop":{"background-color":"var(--ast-global-color-5)","background-image":"","background-repeat":"repeat","background-position":"center center","background-size":"auto","background-attachment":"scroll","background-type":"","background-media":"","overlay-type":"","overlay-color":"","overlay-opacity":"","overlay-gradient":""},"tablet":{"background-color":"var(--ast-global-color-5)","background-image":"","background-repeat":"repeat","background-position":"center center","background-size":"auto","background-attachment":"scroll","background-type":"","background-media":"","overlay-type":"","overlay-color":"","overlay-opacity":"","overlay-gradient":""},"mobile":{"background-color":"var(--ast-global-color-5)","background-image":"","background-repeat":"repeat","background-position":"center center","background-size":"auto","background-attachment":"scroll","background-type":"","background-media":"","overlay-type":"","overlay-color":"","overlay-opacity":"","overlay-gradient":""}},"footnotes":""},"class_list":["post-1687","page","type-page","status-publish","hentry"],"_links":{"self":[{"href":"https:\/\/raymonddouglasmd.com\/es\/wp-json\/wp\/v2\/pages\/1687","targetHints":{"allow":["GET"]}}],"collection":[{"href":"https:\/\/raymonddouglasmd.com\/es\/wp-json\/wp\/v2\/pages"}],"about":[{"href":"https:\/\/raymonddouglasmd.com\/es\/wp-json\/wp\/v2\/types\/page"}],"author":[{"embeddable":true,"href":"https:\/\/raymonddouglasmd.com\/es\/wp-json\/wp\/v2\/users\/1"}],"replies":[{"embeddable":true,"href":"https:\/\/raymonddouglasmd.com\/es\/wp-json\/wp\/v2\/comments?post=1687"}],"version-history":[{"count":57,"href":"https:\/\/raymonddouglasmd.com\/es\/wp-json\/wp\/v2\/pages\/1687\/revisions"}],"predecessor-version":[{"id":5685,"href":"https:\/\/raymonddouglasmd.com\/es\/wp-json\/wp\/v2\/pages\/1687\/revisions\/5685"}],"up":[{"embeddable":true,"href":"https:\/\/raymonddouglasmd.com\/es\/wp-json\/wp\/v2\/pages\/96"}],"wp:attachment":[{"href":"https:\/\/raymonddouglasmd.com\/es\/wp-json\/wp\/v2\/media?parent=1687"}],"curies":[{"name":"wp","href":"https:\/\/api.w.org\/{rel}","templated":true}]}}