{"id":1685,"date":"2022-04-15T08:47:37","date_gmt":"2022-04-15T08:47:37","guid":{"rendered":"https:\/\/raymonddouglasmd.com\/?page_id=1685"},"modified":"2024-12-08T13:03:32","modified_gmt":"2024-12-08T13:03:32","slug":"antes-despues-de-una-operacion-de-cancer","status":"publish","type":"page","link":"https:\/\/raymonddouglasmd.com\/es\/antes-despues\/antes-despues-de-una-operacion-de-cancer","title":{"rendered":"Antes y despu\u00e9s - Cirug\u00eda del c\u00e1ncer"},"content":{"rendered":"<div data-elementor-type=\"wp-page\" data-elementor-id=\"1685\" class=\"elementor elementor-1685\" data-elementor-post-type=\"page\">\n\t\t\t\t<div class=\"elementor-element elementor-element-d194400 e-flex e-con-boxed e-con e-parent\" data-id=\"d194400\" data-element_type=\"container\" data-e-type=\"container\">\n\t\t\t\t\t<div class=\"e-con-inner\">\n\t\t<div class=\"elementor-element elementor-element-d2e2543 e-con-full e-flex e-con e-child\" data-id=\"d2e2543\" data-element_type=\"container\" data-e-type=\"container\">\n\t\t\t\t<div class=\"elementor-element elementor-element-cd703b9 elementor-widget elementor-widget-heading\" data-id=\"cd703b9\" data-element_type=\"widget\" data-e-type=\"widget\" data-widget_type=\"heading.default\">\n\t\t\t\t<div class=\"elementor-widget-container\">\n\t\t\t\t\t<h2 class=\"elementor-heading-title elementor-size-default\">Cirug\u00eda del c\u00e1ncer<\/h2>\t\t\t\t<\/div>\n\t\t\t\t<\/div>\n\t\t\t\t<div class=\"elementor-element elementor-element-48bc0aa elementor-widget elementor-widget-image\" data-id=\"48bc0aa\" data-element_type=\"widget\" data-e-type=\"widget\" data-widget_type=\"image.default\">\n\t\t\t\t<div class=\"elementor-widget-container\">\n\t\t\t\t\t\t\t\t\t\t\t\t\t\t\t<img fetchpriority=\"high\" decoding=\"async\" width=\"1060\" height=\"281\" src=\"https:\/\/raymonddouglasmd.com\/wp-content\/uploads\/2024\/12\/cancer-surgery-1.jpg\" class=\"attachment-full size-full wp-image-5608\" alt=\"cirug\u00eda del c\u00e1ncer 1\" srcset=\"https:\/\/raymonddouglasmd.com\/wp-content\/uploads\/2024\/12\/cancer-surgery-1.jpg 1060w, https:\/\/raymonddouglasmd.com\/wp-content\/uploads\/2024\/12\/cancer-surgery-1-300x80.jpg 300w, https:\/\/raymonddouglasmd.com\/wp-content\/uploads\/2024\/12\/cancer-surgery-1-1024x271.jpg 1024w, https:\/\/raymonddouglasmd.com\/wp-content\/uploads\/2024\/12\/cancer-surgery-1-768x204.jpg 768w\" sizes=\"(max-width: 1060px) 100vw, 1060px\" \/>\t\t\t\t\t\t\t\t\t\t\t\t\t\t\t<\/div>\n\t\t\t\t<\/div>\n\t\t\t\t<div class=\"elementor-element elementor-element-85ca834 elementor-widget elementor-widget-text-editor\" data-id=\"85ca834\" data-element_type=\"widget\" data-e-type=\"widget\" data-widget_type=\"text-editor.default\">\n\t\t\t\t<div class=\"elementor-widget-container\">\n\t\t\t\t\t\t\t\t\t<p>La paciente presenta un gran defecto debido a la extirpaci\u00f3n de un c\u00e1ncer de piel que inclu\u00eda el p\u00e1rpado y la mejilla, con un di\u00e1metro total de 7 cm. Se llev\u00f3 a cabo una reconstrucci\u00f3n que incluy\u00f3 un injerto de piel en el p\u00e1rpado inferior y un colgajo en la mejilla. Cabe destacar que la paciente recibi\u00f3 cuatro sesiones de tratamiento antiescaras personalizado para expandir el tejido y disolver las cicatrices. La paciente aparece aproximadamente 9 meses despu\u00e9s de la reacci\u00f3n original al c\u00e1ncer. No fueron necesarias revisiones quir\u00fargicas.<\/p>\t\t\t\t\t\t\t\t<\/div>\n\t\t\t\t<\/div>\n\t\t\t\t<div class=\"elementor-element elementor-element-6ebf07d elementor-widget elementor-widget-image\" data-id=\"6ebf07d\" data-element_type=\"widget\" data-e-type=\"widget\" data-widget_type=\"image.default\">\n\t\t\t\t<div class=\"elementor-widget-container\">\n\t\t\t\t\t\t\t\t\t\t\t\t\t\t\t<img decoding=\"async\" width=\"1060\" height=\"281\" src=\"https:\/\/raymonddouglasmd.com\/wp-content\/uploads\/2024\/12\/cancer-surgery-2.jpg\" class=\"attachment-full size-full wp-image-5609\" alt=\"cirug\u00eda del c\u00e1ncer\" srcset=\"https:\/\/raymonddouglasmd.com\/wp-content\/uploads\/2024\/12\/cancer-surgery-2.jpg 1060w, https:\/\/raymonddouglasmd.com\/wp-content\/uploads\/2024\/12\/cancer-surgery-2-300x80.jpg 300w, https:\/\/raymonddouglasmd.com\/wp-content\/uploads\/2024\/12\/cancer-surgery-2-1024x271.jpg 1024w, https:\/\/raymonddouglasmd.com\/wp-content\/uploads\/2024\/12\/cancer-surgery-2-768x204.jpg 768w\" sizes=\"(max-width: 1060px) 100vw, 1060px\" \/>\t\t\t\t\t\t\t\t\t\t\t\t\t\t\t<\/div>\n\t\t\t\t<\/div>\n\t\t\t\t<div class=\"elementor-element elementor-element-bf5f4a5 elementor-widget elementor-widget-image\" data-id=\"bf5f4a5\" data-element_type=\"widget\" data-e-type=\"widget\" data-widget_type=\"image.default\">\n\t\t\t\t<div class=\"elementor-widget-container\">\n\t\t\t\t\t\t\t\t\t\t\t\t\t\t\t<img decoding=\"async\" width=\"1060\" height=\"281\" src=\"https:\/\/raymonddouglasmd.com\/wp-content\/uploads\/2024\/12\/cancer-surgery-3.jpg\" class=\"attachment-full size-full wp-image-5610\" alt=\"cirug\u00eda del c\u00e1ncer\" srcset=\"https:\/\/raymonddouglasmd.com\/wp-content\/uploads\/2024\/12\/cancer-surgery-3.jpg 1060w, https:\/\/raymonddouglasmd.com\/wp-content\/uploads\/2024\/12\/cancer-surgery-3-300x80.jpg 300w, https:\/\/raymonddouglasmd.com\/wp-content\/uploads\/2024\/12\/cancer-surgery-3-1024x271.jpg 1024w, https:\/\/raymonddouglasmd.com\/wp-content\/uploads\/2024\/12\/cancer-surgery-3-768x204.jpg 768w\" sizes=\"(max-width: 1060px) 100vw, 1060px\" \/>\t\t\t\t\t\t\t\t\t\t\t\t\t\t\t<\/div>\n\t\t\t\t<\/div>\n\t\t\t\t<div class=\"elementor-element elementor-element-d4c26a5 elementor-widget elementor-widget-image\" data-id=\"d4c26a5\" data-element_type=\"widget\" data-e-type=\"widget\" data-widget_type=\"image.default\">\n\t\t\t\t<div class=\"elementor-widget-container\">\n\t\t\t\t\t\t\t\t\t\t\t\t\t\t\t<img loading=\"lazy\" decoding=\"async\" width=\"1060\" height=\"281\" src=\"https:\/\/raymonddouglasmd.com\/wp-content\/uploads\/2024\/12\/cancer-surgery-4.jpg\" class=\"attachment-full size-full wp-image-5611\" alt=\"cirug\u00eda del c\u00e1ncer\" srcset=\"https:\/\/raymonddouglasmd.com\/wp-content\/uploads\/2024\/12\/cancer-surgery-4.jpg 1060w, https:\/\/raymonddouglasmd.com\/wp-content\/uploads\/2024\/12\/cancer-surgery-4-300x80.jpg 300w, https:\/\/raymonddouglasmd.com\/wp-content\/uploads\/2024\/12\/cancer-surgery-4-1024x271.jpg 1024w, https:\/\/raymonddouglasmd.com\/wp-content\/uploads\/2024\/12\/cancer-surgery-4-768x204.jpg 768w\" sizes=\"(max-width: 1060px) 100vw, 1060px\" \/>\t\t\t\t\t\t\t\t\t\t\t\t\t\t\t<\/div>\n\t\t\t\t<\/div>\n\t\t\t\t<div class=\"elementor-element elementor-element-4442cc2 elementor-widget elementor-widget-image\" data-id=\"4442cc2\" data-element_type=\"widget\" data-e-type=\"widget\" data-widget_type=\"image.default\">\n\t\t\t\t<div class=\"elementor-widget-container\">\n\t\t\t\t\t\t\t\t\t\t\t\t\t\t\t<img loading=\"lazy\" decoding=\"async\" width=\"1060\" height=\"281\" src=\"https:\/\/raymonddouglasmd.com\/wp-content\/uploads\/2024\/12\/cancer-surgery-5.jpg\" class=\"attachment-full size-full wp-image-5615\" alt=\"cirug\u00eda del c\u00e1ncer 5\" srcset=\"https:\/\/raymonddouglasmd.com\/wp-content\/uploads\/2024\/12\/cancer-surgery-5.jpg 1060w, https:\/\/raymonddouglasmd.com\/wp-content\/uploads\/2024\/12\/cancer-surgery-5-300x80.jpg 300w, https:\/\/raymonddouglasmd.com\/wp-content\/uploads\/2024\/12\/cancer-surgery-5-1024x271.jpg 1024w, https:\/\/raymonddouglasmd.com\/wp-content\/uploads\/2024\/12\/cancer-surgery-5-768x204.jpg 768w\" sizes=\"(max-width: 1060px) 100vw, 1060px\" \/>\t\t\t\t\t\t\t\t\t\t\t\t\t\t\t<\/div>\n\t\t\t\t<\/div>\n\t\t\t\t<div class=\"elementor-element elementor-element-8c52b66 elementor-widget elementor-widget-image\" data-id=\"8c52b66\" data-element_type=\"widget\" data-e-type=\"widget\" data-widget_type=\"image.default\">\n\t\t\t\t<div class=\"elementor-widget-container\">\n\t\t\t\t\t\t\t\t\t\t\t\t\t\t\t<img loading=\"lazy\" decoding=\"async\" width=\"1060\" height=\"281\" src=\"https:\/\/raymonddouglasmd.com\/wp-content\/uploads\/2024\/12\/cancer-surgery-6.jpg\" class=\"attachment-full size-full wp-image-5619\" alt=\"cirug\u00eda del c\u00e1ncer\" srcset=\"https:\/\/raymonddouglasmd.com\/wp-content\/uploads\/2024\/12\/cancer-surgery-6.jpg 1060w, https:\/\/raymonddouglasmd.com\/wp-content\/uploads\/2024\/12\/cancer-surgery-6-300x80.jpg 300w, https:\/\/raymonddouglasmd.com\/wp-content\/uploads\/2024\/12\/cancer-surgery-6-1024x271.jpg 1024w, https:\/\/raymonddouglasmd.com\/wp-content\/uploads\/2024\/12\/cancer-surgery-6-768x204.jpg 768w\" sizes=\"(max-width: 1060px) 100vw, 1060px\" \/>\t\t\t\t\t\t\t\t\t\t\t\t\t\t\t<\/div>\n\t\t\t\t<\/div>\n\t\t\t\t<\/div>\n\t\t\t\t\t<\/div>\n\t\t\t\t<\/div>\n\t\t<div class=\"elementor-element elementor-element-3bcb30d e-flex e-con-boxed e-con e-parent\" data-id=\"3bcb30d\" data-element_type=\"container\" data-e-type=\"container\">\n\t\t\t\t\t<div class=\"e-con-inner\">\n\t\t\t\t<div class=\"elementor-element elementor-element-9b41228 elementor-widget elementor-widget-image\" data-id=\"9b41228\" data-element_type=\"widget\" data-e-type=\"widget\" data-widget_type=\"image.default\">\n\t\t\t\t<div class=\"elementor-widget-container\">\n\t\t\t\t\t\t\t\t\t\t\t\t\t\t\t<img loading=\"lazy\" decoding=\"async\" width=\"500\" height=\"321\" src=\"https:\/\/raymonddouglasmd.com\/wp-content\/uploads\/2024\/11\/learn-more-image.png\" class=\"attachment-full size-full wp-image-4773\" alt=\"\" srcset=\"https:\/\/raymonddouglasmd.com\/wp-content\/uploads\/2024\/11\/learn-more-image.png 500w, https:\/\/raymonddouglasmd.com\/wp-content\/uploads\/2024\/11\/learn-more-image-300x193.png 300w\" sizes=\"(max-width: 500px) 100vw, 500px\" \/>\t\t\t\t\t\t\t\t\t\t\t\t\t\t\t<\/div>\n\t\t\t\t<\/div>\n\t\t\t\t<div class=\"elementor-element elementor-element-439d2fc elementor-widget elementor-widget-heading\" data-id=\"439d2fc\" data-element_type=\"widget\" data-e-type=\"widget\" data-widget_type=\"heading.default\">\n\t\t\t\t<div class=\"elementor-widget-container\">\n\t\t\t\t\t<h2 class=\"elementor-heading-title elementor-size-default\">Operarse de c\u00e1ncer<\/h2>\t\t\t\t<\/div>\n\t\t\t\t<\/div>\n\t\t<div class=\"elementor-element elementor-element-d308be1 e-con-full e-flex e-con e-child\" data-id=\"d308be1\" data-element_type=\"container\" data-e-type=\"container\">\n\t\t\t\t<div class=\"elementor-element elementor-element-39d5975 elementor-widget__width-auto elementor-mobile-align-center elementor-widget-mobile__width-inherit elementor-widget elementor-widget-button\" data-id=\"39d5975\" data-element_type=\"widget\" data-e-type=\"widget\" data-widget_type=\"button.default\">\n\t\t\t\t<div class=\"elementor-widget-container\">\n\t\t\t\t\t\t\t\t\t<div class=\"elementor-button-wrapper\">\n\t\t\t\t\t<a class=\"elementor-button elementor-button-link elementor-size-md elementor-animation-shrink\" href=\"tel:3103638757\">\n\t\t\t\t\t\t<span class=\"elementor-button-content-wrapper\">\n\t\t\t\t\t\t<span class=\"elementor-button-icon\">\n\t\t\t\t<i aria-hidden=\"true\" class=\"fas fa-phone-alt\"><\/i>\t\t\t<\/span>\n\t\t\t\t\t\t\t\t\t<span class=\"elementor-button-text\">310-363-8757<\/span>\n\t\t\t\t\t<\/span>\n\t\t\t\t\t<\/a>\n\t\t\t\t<\/div>\n\t\t\t\t\t\t\t\t<\/div>\n\t\t\t\t<\/div>\n\t\t\t\t<div class=\"elementor-element elementor-element-de6df66 elementor-widget__width-auto elementor-mobile-align-center elementor-widget-mobile__width-inherit elementor-widget elementor-widget-button\" data-id=\"de6df66\" data-element_type=\"widget\" data-e-type=\"widget\" data-widget_type=\"button.default\">\n\t\t\t\t<div class=\"elementor-widget-container\">\n\t\t\t\t\t\t\t\t\t<div class=\"elementor-button-wrapper\">\n\t\t\t\t\t<a class=\"elementor-button elementor-button-link elementor-size-md elementor-animation-shrink\" href=\"\/es\/contactar-con-raymond-douglas\/\">\n\t\t\t\t\t\t<span class=\"elementor-button-content-wrapper\">\n\t\t\t\t\t\t\t\t\t<span class=\"elementor-button-text\">CONTACTO<\/span>\n\t\t\t\t\t<\/span>\n\t\t\t\t\t<\/a>\n\t\t\t\t<\/div>\n\t\t\t\t\t\t\t\t<\/div>\n\t\t\t\t<\/div>\n\t\t\t\t<\/div>\n\t\t\t\t\t<\/div>\n\t\t\t\t<\/div>\n\t\t\t\t<\/div>","protected":false},"excerpt":{"rendered":"<p>Cancer Surgery Patient demonstrates large defect from skin cancer removal which included the eyelid and cheek totaling 7cm in diameter. Reconstruction was undertaken and included a skin graft to the [&hellip;]<\/p>\n","protected":false},"author":1,"featured_media":0,"parent":96,"menu_order":0,"comment_status":"closed","ping_status":"closed","template":"","meta":{"site-sidebar-layout":"no-sidebar","site-content-layout":"page-builder","ast-site-content-layout":"full-width-container","site-content-style":"unboxed","site-sidebar-style":"unboxed","ast-global-header-display":"","ast-banner-title-visibility":"","ast-main-header-display":"","ast-hfb-above-header-display":"","ast-hfb-below-header-display":"","ast-hfb-mobile-header-display":"","site-post-title":"disabled","ast-breadcrumbs-content":"","ast-featured-img":"disabled","footer-sml-layout":"","ast-disable-related-posts":"","theme-transparent-header-meta":"","adv-header-id-meta":"","stick-header-meta":"","header-above-stick-meta":"","header-main-stick-meta":"","header-below-stick-meta":"","astra-migrate-meta-layouts":"set","ast-page-background-enabled":"default","ast-page-background-meta":{"desktop":{"background-color":"var(--ast-global-color-4)","background-image":"","background-repeat":"repeat","background-position":"center center","background-size":"auto","background-attachment":"scroll","background-type":"","background-media":"","overlay-type":"","overlay-color":"","overlay-opacity":"","overlay-gradient":""},"tablet":{"background-color":"","background-image":"","background-repeat":"repeat","background-position":"center center","background-size":"auto","background-attachment":"scroll","background-type":"","background-media":"","overlay-type":"","overlay-color":"","overlay-opacity":"","overlay-gradient":""},"mobile":{"background-color":"","background-image":"","background-repeat":"repeat","background-position":"center center","background-size":"auto","background-attachment":"scroll","background-type":"","background-media":"","overlay-type":"","overlay-color":"","overlay-opacity":"","overlay-gradient":""}},"ast-content-background-meta":{"desktop":{"background-color":"var(--ast-global-color-5)","background-image":"","background-repeat":"repeat","background-position":"center center","background-size":"auto","background-attachment":"scroll","background-type":"","background-media":"","overlay-type":"","overlay-color":"","overlay-opacity":"","overlay-gradient":""},"tablet":{"background-color":"var(--ast-global-color-5)","background-image":"","background-repeat":"repeat","background-position":"center center","background-size":"auto","background-attachment":"scroll","background-type":"","background-media":"","overlay-type":"","overlay-color":"","overlay-opacity":"","overlay-gradient":""},"mobile":{"background-color":"var(--ast-global-color-5)","background-image":"","background-repeat":"repeat","background-position":"center center","background-size":"auto","background-attachment":"scroll","background-type":"","background-media":"","overlay-type":"","overlay-color":"","overlay-opacity":"","overlay-gradient":""}},"footnotes":""},"class_list":["post-1685","page","type-page","status-publish","hentry"],"_links":{"self":[{"href":"https:\/\/raymonddouglasmd.com\/es\/wp-json\/wp\/v2\/pages\/1685","targetHints":{"allow":["GET"]}}],"collection":[{"href":"https:\/\/raymonddouglasmd.com\/es\/wp-json\/wp\/v2\/pages"}],"about":[{"href":"https:\/\/raymonddouglasmd.com\/es\/wp-json\/wp\/v2\/types\/page"}],"author":[{"embeddable":true,"href":"https:\/\/raymonddouglasmd.com\/es\/wp-json\/wp\/v2\/users\/1"}],"replies":[{"embeddable":true,"href":"https:\/\/raymonddouglasmd.com\/es\/wp-json\/wp\/v2\/comments?post=1685"}],"version-history":[{"count":21,"href":"https:\/\/raymonddouglasmd.com\/es\/wp-json\/wp\/v2\/pages\/1685\/revisions"}],"predecessor-version":[{"id":5625,"href":"https:\/\/raymonddouglasmd.com\/es\/wp-json\/wp\/v2\/pages\/1685\/revisions\/5625"}],"up":[{"embeddable":true,"href":"https:\/\/raymonddouglasmd.com\/es\/wp-json\/wp\/v2\/pages\/96"}],"wp:attachment":[{"href":"https:\/\/raymonddouglasmd.com\/es\/wp-json\/wp\/v2\/media?parent=1685"}],"curies":[{"name":"wp","href":"https:\/\/api.w.org\/{rel}","templated":true}]}}