{"id":1683,"date":"2022-04-15T08:47:06","date_gmt":"2022-04-15T08:47:06","guid":{"rendered":"https:\/\/raymonddouglasmd.com\/?page_id=1683"},"modified":"2024-12-08T08:04:47","modified_gmt":"2024-12-08T08:04:47","slug":"antes-despues-anoftalmia","status":"publish","type":"page","link":"https:\/\/raymonddouglasmd.com\/es\/antes-despues\/antes-despues-anoftalmia","title":{"rendered":"Antes y despu\u00e9s - Anoftalmia"},"content":{"rendered":"<div data-elementor-type=\"wp-page\" data-elementor-id=\"1683\" class=\"elementor elementor-1683\" data-elementor-post-type=\"page\">\n\t\t\t\t<div class=\"elementor-element elementor-element-87d62e5 e-flex e-con-boxed e-con e-parent\" data-id=\"87d62e5\" data-element_type=\"container\" data-e-type=\"container\">\n\t\t\t\t\t<div class=\"e-con-inner\">\n\t\t<div class=\"elementor-element elementor-element-bbd6083 e-con-full e-flex e-con e-child\" data-id=\"bbd6083\" data-element_type=\"container\" data-e-type=\"container\">\n\t\t\t\t<div class=\"elementor-element elementor-element-d1671f1 elementor-widget elementor-widget-heading\" data-id=\"d1671f1\" data-element_type=\"widget\" data-e-type=\"widget\" data-widget_type=\"heading.default\">\n\t\t\t\t<div class=\"elementor-widget-container\">\n\t\t\t\t\t<h2 class=\"elementor-heading-title elementor-size-default\">Anoftalmia<\/h2>\t\t\t\t<\/div>\n\t\t\t\t<\/div>\n\t\t\t\t<div class=\"elementor-element elementor-element-2b75408 elementor-widget elementor-widget-image\" data-id=\"2b75408\" data-element_type=\"widget\" data-e-type=\"widget\" data-widget_type=\"image.default\">\n\t\t\t\t<div class=\"elementor-widget-container\">\n\t\t\t\t\t\t\t\t\t\t\t\t\t\t\t<img fetchpriority=\"high\" decoding=\"async\" width=\"1060\" height=\"281\" src=\"https:\/\/raymonddouglasmd.com\/wp-content\/uploads\/2024\/12\/Subtle-but-impactful-results-for-this-anophthalmia-patient.jpg\" class=\"attachment-full size-full wp-image-5549\" alt=\"Resultados sutiles pero impactantes para este paciente con anoftalmia.\" srcset=\"https:\/\/raymonddouglasmd.com\/wp-content\/uploads\/2024\/12\/Subtle-but-impactful-results-for-this-anophthalmia-patient.jpg 1060w, https:\/\/raymonddouglasmd.com\/wp-content\/uploads\/2024\/12\/Subtle-but-impactful-results-for-this-anophthalmia-patient-300x80.jpg 300w, https:\/\/raymonddouglasmd.com\/wp-content\/uploads\/2024\/12\/Subtle-but-impactful-results-for-this-anophthalmia-patient-1024x271.jpg 1024w, https:\/\/raymonddouglasmd.com\/wp-content\/uploads\/2024\/12\/Subtle-but-impactful-results-for-this-anophthalmia-patient-768x204.jpg 768w\" sizes=\"(max-width: 1060px) 100vw, 1060px\" \/>\t\t\t\t\t\t\t\t\t\t\t\t\t\t\t<\/div>\n\t\t\t\t<\/div>\n\t\t\t\t<div class=\"elementor-element elementor-element-e7f4923 elementor-widget elementor-widget-text-editor\" data-id=\"e7f4923\" data-element_type=\"widget\" data-e-type=\"widget\" data-widget_type=\"text-editor.default\">\n\t\t\t\t<div class=\"elementor-widget-container\">\n\t\t\t\t\t\t\t\t\t<p>Resultados sutiles pero impactantes para este paciente con anoftalmia.<\/p>\t\t\t\t\t\t\t\t<\/div>\n\t\t\t\t<\/div>\n\t\t\t\t<div class=\"elementor-element elementor-element-800f343 elementor-widget elementor-widget-image\" data-id=\"800f343\" data-element_type=\"widget\" data-e-type=\"widget\" data-widget_type=\"image.default\">\n\t\t\t\t<div class=\"elementor-widget-container\">\n\t\t\t\t\t\t\t\t\t\t\t\t\t\t\t<img decoding=\"async\" width=\"1060\" height=\"281\" src=\"https:\/\/raymonddouglasmd.com\/wp-content\/uploads\/2024\/12\/Anophthalmia-surgery.jpg\" class=\"attachment-full size-full wp-image-5554\" alt=\"Cirug\u00eda de la anoftalmia antes y despu\u00e9s\" srcset=\"https:\/\/raymonddouglasmd.com\/wp-content\/uploads\/2024\/12\/Anophthalmia-surgery.jpg 1060w, https:\/\/raymonddouglasmd.com\/wp-content\/uploads\/2024\/12\/Anophthalmia-surgery-300x80.jpg 300w, https:\/\/raymonddouglasmd.com\/wp-content\/uploads\/2024\/12\/Anophthalmia-surgery-1024x271.jpg 1024w, https:\/\/raymonddouglasmd.com\/wp-content\/uploads\/2024\/12\/Anophthalmia-surgery-768x204.jpg 768w\" sizes=\"(max-width: 1060px) 100vw, 1060px\" \/>\t\t\t\t\t\t\t\t\t\t\t\t\t\t\t<\/div>\n\t\t\t\t<\/div>\n\t\t\t\t<div class=\"elementor-element elementor-element-29d79a7 elementor-widget elementor-widget-text-editor\" data-id=\"29d79a7\" data-element_type=\"widget\" data-e-type=\"widget\" data-widget_type=\"text-editor.default\">\n\t\t\t\t<div class=\"elementor-widget-container\">\n\t\t\t\t\t\t\t\t\t<p>Cirug\u00eda de la anoftalmia.<\/p>\t\t\t\t\t\t\t\t<\/div>\n\t\t\t\t<\/div>\n\t\t\t\t<div class=\"elementor-element elementor-element-3450c35 elementor-widget elementor-widget-image\" data-id=\"3450c35\" data-element_type=\"widget\" data-e-type=\"widget\" data-widget_type=\"image.default\">\n\t\t\t\t<div class=\"elementor-widget-container\">\n\t\t\t\t\t\t\t\t\t\t\t\t\t\t\t<img decoding=\"async\" width=\"1060\" height=\"281\" src=\"https:\/\/raymonddouglasmd.com\/wp-content\/uploads\/2024\/12\/Aesthetic-anophthalmia-surgery.jpg\" class=\"attachment-full size-full wp-image-5562\" alt=\"Cirug\u00eda est\u00e9tica de la anoftalmia antes y despu\u00e9s\" srcset=\"https:\/\/raymonddouglasmd.com\/wp-content\/uploads\/2024\/12\/Aesthetic-anophthalmia-surgery.jpg 1060w, https:\/\/raymonddouglasmd.com\/wp-content\/uploads\/2024\/12\/Aesthetic-anophthalmia-surgery-300x80.jpg 300w, https:\/\/raymonddouglasmd.com\/wp-content\/uploads\/2024\/12\/Aesthetic-anophthalmia-surgery-1024x271.jpg 1024w, https:\/\/raymonddouglasmd.com\/wp-content\/uploads\/2024\/12\/Aesthetic-anophthalmia-surgery-768x204.jpg 768w\" sizes=\"(max-width: 1060px) 100vw, 1060px\" \/>\t\t\t\t\t\t\t\t\t\t\t\t\t\t\t<\/div>\n\t\t\t\t<\/div>\n\t\t\t\t<div class=\"elementor-element elementor-element-9e8d686 elementor-widget elementor-widget-text-editor\" data-id=\"9e8d686\" data-element_type=\"widget\" data-e-type=\"widget\" data-widget_type=\"text-editor.default\">\n\t\t\t\t<div class=\"elementor-widget-container\">\n\t\t\t\t\t\t\t\t\t<p>Cirug\u00eda est\u00e9tica de la anoftalmia.<\/p>\t\t\t\t\t\t\t\t<\/div>\n\t\t\t\t<\/div>\n\t\t\t\t<div class=\"elementor-element elementor-element-4b61b0d elementor-widget elementor-widget-image\" data-id=\"4b61b0d\" data-element_type=\"widget\" data-e-type=\"widget\" data-widget_type=\"image.default\">\n\t\t\t\t<div class=\"elementor-widget-container\">\n\t\t\t\t\t\t\t\t\t\t\t\t\t\t\t<img loading=\"lazy\" decoding=\"async\" width=\"1060\" height=\"281\" src=\"https:\/\/raymonddouglasmd.com\/wp-content\/uploads\/2024\/12\/Anophthalmia-1.jpg\" class=\"attachment-full size-full wp-image-5566\" alt=\"Anoftalmia Antes y Despu\u00e9s\" srcset=\"https:\/\/raymonddouglasmd.com\/wp-content\/uploads\/2024\/12\/Anophthalmia-1.jpg 1060w, https:\/\/raymonddouglasmd.com\/wp-content\/uploads\/2024\/12\/Anophthalmia-1-300x80.jpg 300w, https:\/\/raymonddouglasmd.com\/wp-content\/uploads\/2024\/12\/Anophthalmia-1-1024x271.jpg 1024w, https:\/\/raymonddouglasmd.com\/wp-content\/uploads\/2024\/12\/Anophthalmia-1-768x204.jpg 768w\" sizes=\"(max-width: 1060px) 100vw, 1060px\" \/>\t\t\t\t\t\t\t\t\t\t\t\t\t\t\t<\/div>\n\t\t\t\t<\/div>\n\t\t\t\t<div class=\"elementor-element elementor-element-8719779 elementor-widget elementor-widget-image\" data-id=\"8719779\" data-element_type=\"widget\" data-e-type=\"widget\" data-widget_type=\"image.default\">\n\t\t\t\t<div class=\"elementor-widget-container\">\n\t\t\t\t\t\t\t\t\t\t\t\t\t\t\t<img loading=\"lazy\" decoding=\"async\" width=\"1060\" height=\"281\" src=\"https:\/\/raymonddouglasmd.com\/wp-content\/uploads\/2024\/12\/Anophthalmia-2.jpg\" class=\"attachment-full size-full wp-image-5568\" alt=\"Anoftalmia 2\" srcset=\"https:\/\/raymonddouglasmd.com\/wp-content\/uploads\/2024\/12\/Anophthalmia-2.jpg 1060w, https:\/\/raymonddouglasmd.com\/wp-content\/uploads\/2024\/12\/Anophthalmia-2-300x80.jpg 300w, https:\/\/raymonddouglasmd.com\/wp-content\/uploads\/2024\/12\/Anophthalmia-2-1024x271.jpg 1024w, https:\/\/raymonddouglasmd.com\/wp-content\/uploads\/2024\/12\/Anophthalmia-2-768x204.jpg 768w\" sizes=\"(max-width: 1060px) 100vw, 1060px\" \/>\t\t\t\t\t\t\t\t\t\t\t\t\t\t\t<\/div>\n\t\t\t\t<\/div>\n\t\t\t\t<\/div>\n\t\t\t\t\t<\/div>\n\t\t\t\t<\/div>\n\t\t<div class=\"elementor-element elementor-element-4671249 e-flex e-con-boxed e-con e-parent\" data-id=\"4671249\" data-element_type=\"container\" data-e-type=\"container\">\n\t\t\t\t\t<div class=\"e-con-inner\">\n\t\t\t\t<div class=\"elementor-element elementor-element-9dce3fa elementor-widget elementor-widget-image\" data-id=\"9dce3fa\" data-element_type=\"widget\" data-e-type=\"widget\" data-widget_type=\"image.default\">\n\t\t\t\t<div class=\"elementor-widget-container\">\n\t\t\t\t\t\t\t\t\t\t\t\t\t\t\t<img loading=\"lazy\" decoding=\"async\" width=\"500\" height=\"321\" src=\"https:\/\/raymonddouglasmd.com\/wp-content\/uploads\/2024\/11\/learn-more-image.png\" class=\"attachment-full size-full wp-image-4773\" alt=\"\" srcset=\"https:\/\/raymonddouglasmd.com\/wp-content\/uploads\/2024\/11\/learn-more-image.png 500w, https:\/\/raymonddouglasmd.com\/wp-content\/uploads\/2024\/11\/learn-more-image-300x193.png 300w\" sizes=\"(max-width: 500px) 100vw, 500px\" \/>\t\t\t\t\t\t\t\t\t\t\t\t\t\t\t<\/div>\n\t\t\t\t<\/div>\n\t\t\t\t<div class=\"elementor-element elementor-element-9b9ade8 elementor-widget elementor-widget-heading\" data-id=\"9b9ade8\" data-element_type=\"widget\" data-e-type=\"widget\" data-widget_type=\"heading.default\">\n\t\t\t\t<div class=\"elementor-widget-container\">\n\t\t\t\t\t<h2 class=\"elementor-heading-title elementor-size-default\">Cirug\u00eda de la anoftalmia<\/h2>\t\t\t\t<\/div>\n\t\t\t\t<\/div>\n\t\t<div class=\"elementor-element elementor-element-271b652 e-con-full e-flex e-con e-child\" data-id=\"271b652\" data-element_type=\"container\" data-e-type=\"container\">\n\t\t\t\t<div class=\"elementor-element elementor-element-2a090e4 elementor-widget__width-auto elementor-mobile-align-center elementor-widget-mobile__width-inherit elementor-widget elementor-widget-button\" data-id=\"2a090e4\" data-element_type=\"widget\" data-e-type=\"widget\" data-widget_type=\"button.default\">\n\t\t\t\t<div class=\"elementor-widget-container\">\n\t\t\t\t\t\t\t\t\t<div class=\"elementor-button-wrapper\">\n\t\t\t\t\t<a class=\"elementor-button elementor-button-link elementor-size-md elementor-animation-shrink\" href=\"tel:3103638757\">\n\t\t\t\t\t\t<span class=\"elementor-button-content-wrapper\">\n\t\t\t\t\t\t<span class=\"elementor-button-icon\">\n\t\t\t\t<i aria-hidden=\"true\" class=\"fas fa-phone-alt\"><\/i>\t\t\t<\/span>\n\t\t\t\t\t\t\t\t\t<span class=\"elementor-button-text\">310-363-8757<\/span>\n\t\t\t\t\t<\/span>\n\t\t\t\t\t<\/a>\n\t\t\t\t<\/div>\n\t\t\t\t\t\t\t\t<\/div>\n\t\t\t\t<\/div>\n\t\t\t\t<div class=\"elementor-element elementor-element-4b60fa8 elementor-widget__width-auto elementor-mobile-align-center elementor-widget-mobile__width-inherit elementor-widget elementor-widget-button\" data-id=\"4b60fa8\" data-element_type=\"widget\" data-e-type=\"widget\" data-widget_type=\"button.default\">\n\t\t\t\t<div class=\"elementor-widget-container\">\n\t\t\t\t\t\t\t\t\t<div class=\"elementor-button-wrapper\">\n\t\t\t\t\t<a class=\"elementor-button elementor-button-link elementor-size-md elementor-animation-shrink\" href=\"\/es\/contactar-con-raymond-douglas\/\">\n\t\t\t\t\t\t<span class=\"elementor-button-content-wrapper\">\n\t\t\t\t\t\t\t\t\t<span class=\"elementor-button-text\">CONTACTO<\/span>\n\t\t\t\t\t<\/span>\n\t\t\t\t\t<\/a>\n\t\t\t\t<\/div>\n\t\t\t\t\t\t\t\t<\/div>\n\t\t\t\t<\/div>\n\t\t\t\t<\/div>\n\t\t\t\t\t<\/div>\n\t\t\t\t<\/div>\n\t\t\t\t<\/div>","protected":false},"excerpt":{"rendered":"<p>Anoftalmia Resultados sutiles pero impactantes para este paciente con anoftalmia. Cirug\u00eda de la anoftalmia. Cirug\u00eda est\u00e9tica de la anoftalmia. Obtenga su Cirug\u00eda de Anoftalmia 310-363-8757 CONTACTENOS<\/p>","protected":false},"author":1,"featured_media":0,"parent":96,"menu_order":0,"comment_status":"closed","ping_status":"closed","template":"","meta":{"site-sidebar-layout":"no-sidebar","site-content-layout":"page-builder","ast-site-content-layout":"full-width-container","site-content-style":"unboxed","site-sidebar-style":"unboxed","ast-global-header-display":"","ast-banner-title-visibility":"","ast-main-header-display":"","ast-hfb-above-header-display":"","ast-hfb-below-header-display":"","ast-hfb-mobile-header-display":"","site-post-title":"disabled","ast-breadcrumbs-content":"","ast-featured-img":"disabled","footer-sml-layout":"","ast-disable-related-posts":"","theme-transparent-header-meta":"","adv-header-id-meta":"","stick-header-meta":"","header-above-stick-meta":"","header-main-stick-meta":"","header-below-stick-meta":"","astra-migrate-meta-layouts":"set","ast-page-background-enabled":"default","ast-page-background-meta":{"desktop":{"background-color":"var(--ast-global-color-4)","background-image":"","background-repeat":"repeat","background-position":"center center","background-size":"auto","background-attachment":"scroll","background-type":"","background-media":"","overlay-type":"","overlay-color":"","overlay-opacity":"","overlay-gradient":""},"tablet":{"background-color":"","background-image":"","background-repeat":"repeat","background-position":"center center","background-size":"auto","background-attachment":"scroll","background-type":"","background-media":"","overlay-type":"","overlay-color":"","overlay-opacity":"","overlay-gradient":""},"mobile":{"background-color":"","background-image":"","background-repeat":"repeat","background-position":"center center","background-size":"auto","background-attachment":"scroll","background-type":"","background-media":"","overlay-type":"","overlay-color":"","overlay-opacity":"","overlay-gradient":""}},"ast-content-background-meta":{"desktop":{"background-color":"var(--ast-global-color-5)","background-image":"","background-repeat":"repeat","background-position":"center center","background-size":"auto","background-attachment":"scroll","background-type":"","background-media":"","overlay-type":"","overlay-color":"","overlay-opacity":"","overlay-gradient":""},"tablet":{"background-color":"var(--ast-global-color-5)","background-image":"","background-repeat":"repeat","background-position":"center center","background-size":"auto","background-attachment":"scroll","background-type":"","background-media":"","overlay-type":"","overlay-color":"","overlay-opacity":"","overlay-gradient":""},"mobile":{"background-color":"var(--ast-global-color-5)","background-image":"","background-repeat":"repeat","background-position":"center center","background-size":"auto","background-attachment":"scroll","background-type":"","background-media":"","overlay-type":"","overlay-color":"","overlay-opacity":"","overlay-gradient":""}},"footnotes":""},"class_list":["post-1683","page","type-page","status-publish","hentry"],"_links":{"self":[{"href":"https:\/\/raymonddouglasmd.com\/es\/wp-json\/wp\/v2\/pages\/1683","targetHints":{"allow":["GET"]}}],"collection":[{"href":"https:\/\/raymonddouglasmd.com\/es\/wp-json\/wp\/v2\/pages"}],"about":[{"href":"https:\/\/raymonddouglasmd.com\/es\/wp-json\/wp\/v2\/types\/page"}],"author":[{"embeddable":true,"href":"https:\/\/raymonddouglasmd.com\/es\/wp-json\/wp\/v2\/users\/1"}],"replies":[{"embeddable":true,"href":"https:\/\/raymonddouglasmd.com\/es\/wp-json\/wp\/v2\/comments?post=1683"}],"version-history":[{"count":27,"href":"https:\/\/raymonddouglasmd.com\/es\/wp-json\/wp\/v2\/pages\/1683\/revisions"}],"predecessor-version":[{"id":5577,"href":"https:\/\/raymonddouglasmd.com\/es\/wp-json\/wp\/v2\/pages\/1683\/revisions\/5577"}],"up":[{"embeddable":true,"href":"https:\/\/raymonddouglasmd.com\/es\/wp-json\/wp\/v2\/pages\/96"}],"wp:attachment":[{"href":"https:\/\/raymonddouglasmd.com\/es\/wp-json\/wp\/v2\/media?parent=1683"}],"curies":[{"name":"wp","href":"https:\/\/api.w.org\/{rel}","templated":true}]}}