{"id":1681,"date":"2022-04-15T08:46:45","date_gmt":"2022-04-15T08:46:45","guid":{"rendered":"https:\/\/raymonddouglasmd.com\/?page_id=1681"},"modified":"2025-02-05T03:01:18","modified_gmt":"2025-02-05T03:01:18","slug":"antes-despues-de-la-descompresion","status":"publish","type":"page","link":"https:\/\/raymonddouglasmd.com\/es\/antes-despues\/antes-despues-de-la-descompresion","title":{"rendered":"Antes y despu\u00e9s - Descompresi\u00f3n orbitaria"},"content":{"rendered":"<div data-elementor-type=\"wp-page\" data-elementor-id=\"1681\" class=\"elementor elementor-1681\" data-elementor-post-type=\"page\">\n\t\t\t\t<div class=\"elementor-element elementor-element-f9e7388 e-flex e-con-boxed e-con e-parent\" data-id=\"f9e7388\" data-element_type=\"container\" data-e-type=\"container\">\n\t\t\t\t\t<div class=\"e-con-inner\">\n\t\t<div class=\"elementor-element elementor-element-52a7971 e-con-full e-flex e-con e-child\" data-id=\"52a7971\" data-element_type=\"container\" data-e-type=\"container\">\n\t\t\t\t<div class=\"elementor-element elementor-element-855bdc5 elementor-widget elementor-widget-heading\" data-id=\"855bdc5\" data-element_type=\"widget\" data-e-type=\"widget\" data-widget_type=\"heading.default\">\n\t\t\t\t<div class=\"elementor-widget-container\">\n\t\t\t\t\t<h2 class=\"elementor-heading-title elementor-size-default\">Descompresi\u00f3n orbitaria<\/h2>\t\t\t\t<\/div>\n\t\t\t\t<\/div>\n\t\t\t\t<div class=\"elementor-element elementor-element-08fccdb elementor-widget elementor-widget-image\" data-id=\"08fccdb\" data-element_type=\"widget\" data-e-type=\"widget\" data-widget_type=\"image.default\">\n\t\t\t\t<div class=\"elementor-widget-container\">\n\t\t\t\t\t\t\t\t\t\t\t\t\t\t\t<img fetchpriority=\"high\" decoding=\"async\" width=\"1060\" height=\"281\" src=\"https:\/\/raymonddouglasmd.com\/wp-content\/uploads\/2024\/12\/Orbital-Decompression-1.jpg\" class=\"attachment-full size-full wp-image-5539\" alt=\"Descompresi\u00f3n Orbitaria Antes y Despu\u00e9s\" srcset=\"https:\/\/raymonddouglasmd.com\/wp-content\/uploads\/2024\/12\/Orbital-Decompression-1.jpg 1060w, https:\/\/raymonddouglasmd.com\/wp-content\/uploads\/2024\/12\/Orbital-Decompression-1-300x80.jpg 300w, https:\/\/raymonddouglasmd.com\/wp-content\/uploads\/2024\/12\/Orbital-Decompression-1-1024x271.jpg 1024w, https:\/\/raymonddouglasmd.com\/wp-content\/uploads\/2024\/12\/Orbital-Decompression-1-768x204.jpg 768w\" sizes=\"(max-width: 1060px) 100vw, 1060px\" \/>\t\t\t\t\t\t\t\t\t\t\t\t\t\t\t<\/div>\n\t\t\t\t<\/div>\n\t\t\t\t<div class=\"elementor-element elementor-element-16f7d19 elementor-widget elementor-widget-image\" data-id=\"16f7d19\" data-element_type=\"widget\" data-e-type=\"widget\" data-widget_type=\"image.default\">\n\t\t\t\t<div class=\"elementor-widget-container\">\n\t\t\t\t\t\t\t\t\t\t\t\t\t\t\t<img decoding=\"async\" width=\"1060\" height=\"281\" src=\"https:\/\/raymonddouglasmd.com\/wp-content\/uploads\/2024\/12\/Orbital-Decompression-2.jpg\" class=\"attachment-full size-full wp-image-5540\" alt=\"Descompresi\u00f3n Orbitaria Antes y Despu\u00e9s\" srcset=\"https:\/\/raymonddouglasmd.com\/wp-content\/uploads\/2024\/12\/Orbital-Decompression-2.jpg 1060w, https:\/\/raymonddouglasmd.com\/wp-content\/uploads\/2024\/12\/Orbital-Decompression-2-300x80.jpg 300w, https:\/\/raymonddouglasmd.com\/wp-content\/uploads\/2024\/12\/Orbital-Decompression-2-1024x271.jpg 1024w, https:\/\/raymonddouglasmd.com\/wp-content\/uploads\/2024\/12\/Orbital-Decompression-2-768x204.jpg 768w\" sizes=\"(max-width: 1060px) 100vw, 1060px\" \/>\t\t\t\t\t\t\t\t\t\t\t\t\t\t\t<\/div>\n\t\t\t\t<\/div>\n\t\t\t\t<div class=\"elementor-element elementor-element-bea550a elementor-widget elementor-widget-image\" data-id=\"bea550a\" data-element_type=\"widget\" data-e-type=\"widget\" data-widget_type=\"image.default\">\n\t\t\t\t<div class=\"elementor-widget-container\">\n\t\t\t\t\t\t\t\t\t\t\t\t\t\t\t<img decoding=\"async\" width=\"1060\" height=\"281\" src=\"https:\/\/raymonddouglasmd.com\/wp-content\/uploads\/2024\/12\/Orbital-Decompression-3.jpg\" class=\"attachment-full size-full wp-image-5541\" alt=\"Descompresi\u00f3n Orbitaria Antes y Despu\u00e9s\" srcset=\"https:\/\/raymonddouglasmd.com\/wp-content\/uploads\/2024\/12\/Orbital-Decompression-3.jpg 1060w, https:\/\/raymonddouglasmd.com\/wp-content\/uploads\/2024\/12\/Orbital-Decompression-3-300x80.jpg 300w, https:\/\/raymonddouglasmd.com\/wp-content\/uploads\/2024\/12\/Orbital-Decompression-3-1024x271.jpg 1024w, https:\/\/raymonddouglasmd.com\/wp-content\/uploads\/2024\/12\/Orbital-Decompression-3-768x204.jpg 768w\" sizes=\"(max-width: 1060px) 100vw, 1060px\" \/>\t\t\t\t\t\t\t\t\t\t\t\t\t\t\t<\/div>\n\t\t\t\t<\/div>\n\t\t\t\t<\/div>\n\t\t\t\t\t<\/div>\n\t\t\t\t<\/div>\n\t\t<div class=\"elementor-element elementor-element-99b001f e-flex e-con-boxed e-con e-parent\" data-id=\"99b001f\" data-element_type=\"container\" data-e-type=\"container\">\n\t\t\t\t\t<div class=\"e-con-inner\">\n\t\t\t\t<div class=\"elementor-element elementor-element-e690534 elementor-widget elementor-widget-image\" data-id=\"e690534\" data-element_type=\"widget\" data-e-type=\"widget\" data-widget_type=\"image.default\">\n\t\t\t\t<div class=\"elementor-widget-container\">\n\t\t\t\t\t\t\t\t\t\t\t\t\t\t\t<img loading=\"lazy\" decoding=\"async\" width=\"500\" height=\"321\" src=\"https:\/\/raymonddouglasmd.com\/wp-content\/uploads\/2024\/11\/learn-more-image.png\" class=\"attachment-full size-full wp-image-4773\" alt=\"\" srcset=\"https:\/\/raymonddouglasmd.com\/wp-content\/uploads\/2024\/11\/learn-more-image.png 500w, https:\/\/raymonddouglasmd.com\/wp-content\/uploads\/2024\/11\/learn-more-image-300x193.png 300w\" sizes=\"(max-width: 500px) 100vw, 500px\" \/>\t\t\t\t\t\t\t\t\t\t\t\t\t\t\t<\/div>\n\t\t\t\t<\/div>\n\t\t\t\t<div class=\"elementor-element elementor-element-40ac187 elementor-widget elementor-widget-heading\" data-id=\"40ac187\" data-element_type=\"widget\" data-e-type=\"widget\" data-widget_type=\"heading.default\">\n\t\t\t\t<div class=\"elementor-widget-container\">\n\t\t\t\t\t<h2 class=\"elementor-heading-title elementor-size-default\">Consigue tu DESCOMPRESI\u00d3N ORBITAL<\/h2>\t\t\t\t<\/div>\n\t\t\t\t<\/div>\n\t\t\t\t<div class=\"elementor-element elementor-element-5e402ff elementor-widget elementor-widget-text-editor\" data-id=\"5e402ff\" data-element_type=\"widget\" data-e-type=\"widget\" data-widget_type=\"text-editor.default\">\n\t\t\t\t<div class=\"elementor-widget-container\">\n\t\t\t\t\t\t\t\t\t<p>El Dr. Douglas tiene una gran experiencia en la descompresi\u00f3n orbitaria personalizada. Para obtener m\u00e1s informaci\u00f3n, llame al Dr. Raymond Douglas, MD, PhD, o p\u00f3ngase en contacto con nosotros programar una consulta en l\u00ednea hoy.<\/p>\t\t\t\t\t\t\t\t<\/div>\n\t\t\t\t<\/div>\n\t\t<div class=\"elementor-element elementor-element-0ade442 e-con-full e-flex e-con e-child\" data-id=\"0ade442\" data-element_type=\"container\" data-e-type=\"container\">\n\t\t\t\t<div class=\"elementor-element elementor-element-fe23a75 elementor-widget__width-auto elementor-mobile-align-center elementor-widget-mobile__width-inherit elementor-widget elementor-widget-button\" data-id=\"fe23a75\" data-element_type=\"widget\" data-e-type=\"widget\" data-widget_type=\"button.default\">\n\t\t\t\t<div class=\"elementor-widget-container\">\n\t\t\t\t\t\t\t\t\t<div class=\"elementor-button-wrapper\">\n\t\t\t\t\t<a class=\"elementor-button elementor-button-link elementor-size-md elementor-animation-shrink\" href=\"tel:3103638757\">\n\t\t\t\t\t\t<span class=\"elementor-button-content-wrapper\">\n\t\t\t\t\t\t<span class=\"elementor-button-icon\">\n\t\t\t\t<i aria-hidden=\"true\" class=\"fas fa-phone-alt\"><\/i>\t\t\t<\/span>\n\t\t\t\t\t\t\t\t\t<span class=\"elementor-button-text\">310-363-8757<\/span>\n\t\t\t\t\t<\/span>\n\t\t\t\t\t<\/a>\n\t\t\t\t<\/div>\n\t\t\t\t\t\t\t\t<\/div>\n\t\t\t\t<\/div>\n\t\t\t\t<div class=\"elementor-element elementor-element-97d3f8c elementor-widget__width-auto elementor-mobile-align-center elementor-widget-mobile__width-inherit elementor-widget elementor-widget-button\" data-id=\"97d3f8c\" data-element_type=\"widget\" data-e-type=\"widget\" data-widget_type=\"button.default\">\n\t\t\t\t<div class=\"elementor-widget-container\">\n\t\t\t\t\t\t\t\t\t<div class=\"elementor-button-wrapper\">\n\t\t\t\t\t<a class=\"elementor-button elementor-button-link elementor-size-md elementor-animation-shrink\" href=\"\/es\/contactar-con-raymond-douglas\/\">\n\t\t\t\t\t\t<span class=\"elementor-button-content-wrapper\">\n\t\t\t\t\t\t\t\t\t<span class=\"elementor-button-text\">CONTACTO<\/span>\n\t\t\t\t\t<\/span>\n\t\t\t\t\t<\/a>\n\t\t\t\t<\/div>\n\t\t\t\t\t\t\t\t<\/div>\n\t\t\t\t<\/div>\n\t\t\t\t<\/div>\n\t\t\t\t\t<\/div>\n\t\t\t\t<\/div>\n\t\t\t\t<\/div>","protected":false},"excerpt":{"rendered":"<p>Orbital Decompression Get your ORBITAL DECOMPRESSION Dr. Douglas is highly experienced in customized orbital decompression. To learn more, call Dr. Raymond Douglas, MD, PhD, or contact us schedule a consultation [&hellip;]<\/p>\n","protected":false},"author":1,"featured_media":0,"parent":96,"menu_order":0,"comment_status":"closed","ping_status":"closed","template":"","meta":{"site-sidebar-layout":"no-sidebar","site-content-layout":"page-builder","ast-site-content-layout":"full-width-container","site-content-style":"unboxed","site-sidebar-style":"unboxed","ast-global-header-display":"","ast-banner-title-visibility":"","ast-main-header-display":"","ast-hfb-above-header-display":"","ast-hfb-below-header-display":"","ast-hfb-mobile-header-display":"","site-post-title":"disabled","ast-breadcrumbs-content":"","ast-featured-img":"disabled","footer-sml-layout":"","ast-disable-related-posts":"","theme-transparent-header-meta":"","adv-header-id-meta":"","stick-header-meta":"","header-above-stick-meta":"","header-main-stick-meta":"","header-below-stick-meta":"","astra-migrate-meta-layouts":"set","ast-page-background-enabled":"default","ast-page-background-meta":{"desktop":{"background-color":"var(--ast-global-color-4)","background-image":"","background-repeat":"repeat","background-position":"center center","background-size":"auto","background-attachment":"scroll","background-type":"","background-media":"","overlay-type":"","overlay-color":"","overlay-opacity":"","overlay-gradient":""},"tablet":{"background-color":"","background-image":"","background-repeat":"repeat","background-position":"center center","background-size":"auto","background-attachment":"scroll","background-type":"","background-media":"","overlay-type":"","overlay-color":"","overlay-opacity":"","overlay-gradient":""},"mobile":{"background-color":"","background-image":"","background-repeat":"repeat","background-position":"center center","background-size":"auto","background-attachment":"scroll","background-type":"","background-media":"","overlay-type":"","overlay-color":"","overlay-opacity":"","overlay-gradient":""}},"ast-content-background-meta":{"desktop":{"background-color":"var(--ast-global-color-5)","background-image":"","background-repeat":"repeat","background-position":"center center","background-size":"auto","background-attachment":"scroll","background-type":"","background-media":"","overlay-type":"","overlay-color":"","overlay-opacity":"","overlay-gradient":""},"tablet":{"background-color":"var(--ast-global-color-5)","background-image":"","background-repeat":"repeat","background-position":"center center","background-size":"auto","background-attachment":"scroll","background-type":"","background-media":"","overlay-type":"","overlay-color":"","overlay-opacity":"","overlay-gradient":""},"mobile":{"background-color":"var(--ast-global-color-5)","background-image":"","background-repeat":"repeat","background-position":"center center","background-size":"auto","background-attachment":"scroll","background-type":"","background-media":"","overlay-type":"","overlay-color":"","overlay-opacity":"","overlay-gradient":""}},"footnotes":""},"class_list":["post-1681","page","type-page","status-publish","hentry"],"_links":{"self":[{"href":"https:\/\/raymonddouglasmd.com\/es\/wp-json\/wp\/v2\/pages\/1681","targetHints":{"allow":["GET"]}}],"collection":[{"href":"https:\/\/raymonddouglasmd.com\/es\/wp-json\/wp\/v2\/pages"}],"about":[{"href":"https:\/\/raymonddouglasmd.com\/es\/wp-json\/wp\/v2\/types\/page"}],"author":[{"embeddable":true,"href":"https:\/\/raymonddouglasmd.com\/es\/wp-json\/wp\/v2\/users\/1"}],"replies":[{"embeddable":true,"href":"https:\/\/raymonddouglasmd.com\/es\/wp-json\/wp\/v2\/comments?post=1681"}],"version-history":[{"count":10,"href":"https:\/\/raymonddouglasmd.com\/es\/wp-json\/wp\/v2\/pages\/1681\/revisions"}],"predecessor-version":[{"id":5544,"href":"https:\/\/raymonddouglasmd.com\/es\/wp-json\/wp\/v2\/pages\/1681\/revisions\/5544"}],"up":[{"embeddable":true,"href":"https:\/\/raymonddouglasmd.com\/es\/wp-json\/wp\/v2\/pages\/96"}],"wp:attachment":[{"href":"https:\/\/raymonddouglasmd.com\/es\/wp-json\/wp\/v2\/media?parent=1681"}],"curies":[{"name":"wp","href":"https:\/\/api.w.org\/{rel}","templated":true}]}}