{"id":1677,"date":"2022-04-15T08:44:58","date_gmt":"2022-04-15T08:44:58","guid":{"rendered":"https:\/\/raymonddouglasmd.com\/?page_id=1677"},"modified":"2024-12-08T07:15:42","modified_gmt":"2024-12-08T07:15:42","slug":"antes-despues-ptosis","status":"publish","type":"page","link":"https:\/\/raymonddouglasmd.com\/es\/antes-despues\/antes-despues-ptosis","title":{"rendered":"Antes y despu\u00e9s - Reparaci\u00f3n de ptosis"},"content":{"rendered":"<div data-elementor-type=\"wp-page\" data-elementor-id=\"1677\" class=\"elementor elementor-1677\" data-elementor-post-type=\"page\">\n\t\t\t\t<div class=\"elementor-element elementor-element-1cd367f e-flex e-con-boxed e-con e-parent\" data-id=\"1cd367f\" data-element_type=\"container\" data-e-type=\"container\">\n\t\t\t\t\t<div class=\"e-con-inner\">\n\t\t<div class=\"elementor-element elementor-element-3a5921d e-con-full e-flex e-con e-child\" data-id=\"3a5921d\" data-element_type=\"container\" data-e-type=\"container\">\n\t\t\t\t<div class=\"elementor-element elementor-element-6edcb33 elementor-widget elementor-widget-heading\" data-id=\"6edcb33\" data-element_type=\"widget\" data-e-type=\"widget\" data-widget_type=\"heading.default\">\n\t\t\t\t<div class=\"elementor-widget-container\">\n\t\t\t\t\t<h2 class=\"elementor-heading-title elementor-size-default\">Blefaroplastia asim\u00e9trica con reparaci\u00f3n de ptosis<\/h2>\t\t\t\t<\/div>\n\t\t\t\t<\/div>\n\t\t\t\t<div class=\"elementor-element elementor-element-21da18e elementor-widget elementor-widget-image\" data-id=\"21da18e\" data-element_type=\"widget\" data-e-type=\"widget\" data-widget_type=\"image.default\">\n\t\t\t\t<div class=\"elementor-widget-container\">\n\t\t\t\t\t\t\t\t\t\t\t\t\t\t\t<img fetchpriority=\"high\" decoding=\"async\" width=\"1060\" height=\"281\" src=\"https:\/\/raymonddouglasmd.com\/wp-content\/uploads\/2024\/12\/Asymmetric-Blepharoplasty-with-Ptosis-Repair.jpg\" class=\"attachment-full size-full wp-image-5234\" alt=\"Blefaroplastia asim\u00e9trica con reparaci\u00f3n de ptosis Antes y Despu\u00e9s\" srcset=\"https:\/\/raymonddouglasmd.com\/wp-content\/uploads\/2024\/12\/Asymmetric-Blepharoplasty-with-Ptosis-Repair.jpg 1060w, https:\/\/raymonddouglasmd.com\/wp-content\/uploads\/2024\/12\/Asymmetric-Blepharoplasty-with-Ptosis-Repair-300x80.jpg 300w, https:\/\/raymonddouglasmd.com\/wp-content\/uploads\/2024\/12\/Asymmetric-Blepharoplasty-with-Ptosis-Repair-1024x271.jpg 1024w, https:\/\/raymonddouglasmd.com\/wp-content\/uploads\/2024\/12\/Asymmetric-Blepharoplasty-with-Ptosis-Repair-768x204.jpg 768w\" sizes=\"(max-width: 1060px) 100vw, 1060px\" \/>\t\t\t\t\t\t\t\t\t\t\t\t\t\t\t<\/div>\n\t\t\t\t<\/div>\n\t\t\t\t<div class=\"elementor-element elementor-element-d28f813 elementor-widget elementor-widget-text-editor\" data-id=\"d28f813\" data-element_type=\"widget\" data-e-type=\"widget\" data-widget_type=\"text-editor.default\">\n\t\t\t\t<div class=\"elementor-widget-container\">\n\t\t\t\t\t\t\t\t\t<p>Esta paciente estaba descontenta con la asimetr\u00eda de sus p\u00e1rpados superiores. El Dr. Douglas realiz\u00f3 una blefaroplastia en el p\u00e1rpado derecho y levant\u00f3 el p\u00e1rpado izquierdo para crear una apariencia mucho m\u00e1s sim\u00e9trica.<\/p>\t\t\t\t\t\t\t\t<\/div>\n\t\t\t\t<\/div>\n\t\t\t\t<\/div>\n\t\t<div class=\"elementor-element elementor-element-757ea82 e-con-full e-flex e-con e-child\" data-id=\"757ea82\" data-element_type=\"container\" data-e-type=\"container\">\n\t\t\t\t<div class=\"elementor-element elementor-element-7fde10c elementor-widget elementor-widget-heading\" data-id=\"7fde10c\" data-element_type=\"widget\" data-e-type=\"widget\" data-widget_type=\"heading.default\">\n\t\t\t\t<div class=\"elementor-widget-container\">\n\t\t\t\t\t<h2 class=\"elementor-heading-title elementor-size-default\">Blefaroplastia superior con reparaci\u00f3n de ptosis<\/h2>\t\t\t\t<\/div>\n\t\t\t\t<\/div>\n\t\t\t\t<div class=\"elementor-element elementor-element-04eb4a1 elementor-widget elementor-widget-image\" data-id=\"04eb4a1\" data-element_type=\"widget\" data-e-type=\"widget\" data-widget_type=\"image.default\">\n\t\t\t\t<div class=\"elementor-widget-container\">\n\t\t\t\t\t\t\t\t\t\t\t\t\t\t\t<img decoding=\"async\" width=\"1060\" height=\"281\" src=\"https:\/\/raymonddouglasmd.com\/wp-content\/uploads\/2024\/12\/Upper-Blepharoplasty-with-Ptosis-Repair.jpg\" class=\"attachment-full size-full wp-image-5253\" alt=\"Blefaroplastia superior con reparaci\u00f3n de ptosis Antes y Despu\u00e9s\" srcset=\"https:\/\/raymonddouglasmd.com\/wp-content\/uploads\/2024\/12\/Upper-Blepharoplasty-with-Ptosis-Repair.jpg 1060w, https:\/\/raymonddouglasmd.com\/wp-content\/uploads\/2024\/12\/Upper-Blepharoplasty-with-Ptosis-Repair-300x80.jpg 300w, https:\/\/raymonddouglasmd.com\/wp-content\/uploads\/2024\/12\/Upper-Blepharoplasty-with-Ptosis-Repair-1024x271.jpg 1024w, https:\/\/raymonddouglasmd.com\/wp-content\/uploads\/2024\/12\/Upper-Blepharoplasty-with-Ptosis-Repair-768x204.jpg 768w\" sizes=\"(max-width: 1060px) 100vw, 1060px\" \/>\t\t\t\t\t\t\t\t\t\t\t\t\t\t\t<\/div>\n\t\t\t\t<\/div>\n\t\t\t\t<div class=\"elementor-element elementor-element-293388a elementor-widget elementor-widget-text-editor\" data-id=\"293388a\" data-element_type=\"widget\" data-e-type=\"widget\" data-widget_type=\"text-editor.default\">\n\t\t\t\t<div class=\"elementor-widget-container\">\n\t\t\t\t\t\t\t\t\t<p>Esta paciente se someti\u00f3 a una blefaroplastia superior con reparaci\u00f3n de ptosis para levantar y rejuvenecer el aspecto de sus p\u00e1rpados superiores. Tras la reparaci\u00f3n de la ptosis con blefaroplastia superior, esta paciente est\u00e1 mucho m\u00e1s contenta con su aspecto.<\/p>\t\t\t\t\t\t\t\t<\/div>\n\t\t\t\t<\/div>\n\t\t\t\t<\/div>\n\t\t<div class=\"elementor-element elementor-element-68fc800 e-con-full e-flex e-con e-child\" data-id=\"68fc800\" data-element_type=\"container\" data-e-type=\"container\">\n\t\t\t\t<div class=\"elementor-element elementor-element-2ac527a elementor-widget elementor-widget-heading\" data-id=\"2ac527a\" data-element_type=\"widget\" data-e-type=\"widget\" data-widget_type=\"heading.default\">\n\t\t\t\t<div class=\"elementor-widget-container\">\n\t\t\t\t\t<h2 class=\"elementor-heading-title elementor-size-default\">Blefaroplastia superior con reparaci\u00f3n de ptosis<\/h2>\t\t\t\t<\/div>\n\t\t\t\t<\/div>\n\t\t\t\t<div class=\"elementor-element elementor-element-37592ce elementor-widget elementor-widget-image\" data-id=\"37592ce\" data-element_type=\"widget\" data-e-type=\"widget\" data-widget_type=\"image.default\">\n\t\t\t\t<div class=\"elementor-widget-container\">\n\t\t\t\t\t\t\t\t\t\t\t\t\t\t\t<img decoding=\"async\" width=\"1060\" height=\"281\" src=\"https:\/\/raymonddouglasmd.com\/wp-content\/uploads\/2024\/12\/Upper-Blepharoplasty-with-Ptosis-Repair-.jpg\" class=\"attachment-full size-full wp-image-5501\" alt=\"Blefaroplastia superior con reparaci\u00f3n de ptosis Antes y Despu\u00e9s\" srcset=\"https:\/\/raymonddouglasmd.com\/wp-content\/uploads\/2024\/12\/Upper-Blepharoplasty-with-Ptosis-Repair-.jpg 1060w, https:\/\/raymonddouglasmd.com\/wp-content\/uploads\/2024\/12\/Upper-Blepharoplasty-with-Ptosis-Repair--300x80.jpg 300w, https:\/\/raymonddouglasmd.com\/wp-content\/uploads\/2024\/12\/Upper-Blepharoplasty-with-Ptosis-Repair--1024x271.jpg 1024w, https:\/\/raymonddouglasmd.com\/wp-content\/uploads\/2024\/12\/Upper-Blepharoplasty-with-Ptosis-Repair--768x204.jpg 768w\" sizes=\"(max-width: 1060px) 100vw, 1060px\" \/>\t\t\t\t\t\t\t\t\t\t\t\t\t\t\t<\/div>\n\t\t\t\t<\/div>\n\t\t\t\t<div class=\"elementor-element elementor-element-b6c06b5 elementor-widget elementor-widget-text-editor\" data-id=\"b6c06b5\" data-element_type=\"widget\" data-e-type=\"widget\" data-widget_type=\"text-editor.default\">\n\t\t\t\t<div class=\"elementor-widget-container\">\n\t\t\t\t\t\t\t\t\t<p>Esta paciente se someti\u00f3 a una blefaroplastia superior con reparaci\u00f3n de la ptosis para elevar y rejuvenecer el aspecto de sus p\u00e1rpados superiores.<\/p>\t\t\t\t\t\t\t\t<\/div>\n\t\t\t\t<\/div>\n\t\t\t\t<\/div>\n\t\t<div class=\"elementor-element elementor-element-dee4960 e-con-full e-flex e-con e-child\" data-id=\"dee4960\" data-element_type=\"container\" data-e-type=\"container\">\n\t\t\t\t<div class=\"elementor-element elementor-element-528013a elementor-widget elementor-widget-heading\" data-id=\"528013a\" data-element_type=\"widget\" data-e-type=\"widget\" data-widget_type=\"heading.default\">\n\t\t\t\t<div class=\"elementor-widget-container\">\n\t\t\t\t\t<h2 class=\"elementor-heading-title elementor-size-default\">Reparaci\u00f3n de ptosis<\/h2>\t\t\t\t<\/div>\n\t\t\t\t<\/div>\n\t\t\t\t<div class=\"elementor-element elementor-element-162b0d3 elementor-widget elementor-widget-image\" data-id=\"162b0d3\" data-element_type=\"widget\" data-e-type=\"widget\" data-widget_type=\"image.default\">\n\t\t\t\t<div class=\"elementor-widget-container\">\n\t\t\t\t\t\t\t\t\t\t\t\t\t\t\t<img loading=\"lazy\" decoding=\"async\" width=\"1060\" height=\"281\" src=\"https:\/\/raymonddouglasmd.com\/wp-content\/uploads\/2024\/12\/Ptosis-Repair.jpg\" class=\"attachment-full size-full wp-image-5509\" alt=\"Reparaci\u00f3n de ptosis Antes y Despu\u00e9s\" srcset=\"https:\/\/raymonddouglasmd.com\/wp-content\/uploads\/2024\/12\/Ptosis-Repair.jpg 1060w, https:\/\/raymonddouglasmd.com\/wp-content\/uploads\/2024\/12\/Ptosis-Repair-300x80.jpg 300w, https:\/\/raymonddouglasmd.com\/wp-content\/uploads\/2024\/12\/Ptosis-Repair-1024x271.jpg 1024w, https:\/\/raymonddouglasmd.com\/wp-content\/uploads\/2024\/12\/Ptosis-Repair-768x204.jpg 768w\" sizes=\"(max-width: 1060px) 100vw, 1060px\" \/>\t\t\t\t\t\t\t\t\t\t\t\t\t\t\t<\/div>\n\t\t\t\t<\/div>\n\t\t\t\t<\/div>\n\t\t<div class=\"elementor-element elementor-element-01934fa e-con-full e-flex e-con e-child\" data-id=\"01934fa\" data-element_type=\"container\" data-e-type=\"container\">\n\t\t\t\t<div class=\"elementor-element elementor-element-29e1e27 elementor-widget elementor-widget-heading\" data-id=\"29e1e27\" data-element_type=\"widget\" data-e-type=\"widget\" data-widget_type=\"heading.default\">\n\t\t\t\t<div class=\"elementor-widget-container\">\n\t\t\t\t\t<h2 class=\"elementor-heading-title elementor-size-default\">Ptosis<\/h2>\t\t\t\t<\/div>\n\t\t\t\t<\/div>\n\t\t\t\t<div class=\"elementor-element elementor-element-4d368ec elementor-widget elementor-widget-image\" data-id=\"4d368ec\" data-element_type=\"widget\" data-e-type=\"widget\" data-widget_type=\"image.default\">\n\t\t\t\t<div class=\"elementor-widget-container\">\n\t\t\t\t\t\t\t\t\t\t\t\t\t\t\t<img loading=\"lazy\" decoding=\"async\" width=\"1060\" height=\"281\" src=\"https:\/\/raymonddouglasmd.com\/wp-content\/uploads\/2024\/12\/Ptosis-before-and-after.jpg\" class=\"attachment-full size-full wp-image-5523\" alt=\"Reparaci\u00f3n de ptosis Antes y Despu\u00e9s\" srcset=\"https:\/\/raymonddouglasmd.com\/wp-content\/uploads\/2024\/12\/Ptosis-before-and-after.jpg 1060w, https:\/\/raymonddouglasmd.com\/wp-content\/uploads\/2024\/12\/Ptosis-before-and-after-300x80.jpg 300w, https:\/\/raymonddouglasmd.com\/wp-content\/uploads\/2024\/12\/Ptosis-before-and-after-1024x271.jpg 1024w, https:\/\/raymonddouglasmd.com\/wp-content\/uploads\/2024\/12\/Ptosis-before-and-after-768x204.jpg 768w\" sizes=\"(max-width: 1060px) 100vw, 1060px\" \/>\t\t\t\t\t\t\t\t\t\t\t\t\t\t\t<\/div>\n\t\t\t\t<\/div>\n\t\t\t\t<\/div>\n\t\t\t\t\t<\/div>\n\t\t\t\t<\/div>\n\t\t<div class=\"elementor-element elementor-element-8b24990 e-flex e-con-boxed e-con e-parent\" data-id=\"8b24990\" data-element_type=\"container\" data-e-type=\"container\">\n\t\t\t\t\t<div class=\"e-con-inner\">\n\t\t\t\t<div class=\"elementor-element elementor-element-753066c elementor-widget elementor-widget-image\" data-id=\"753066c\" data-element_type=\"widget\" data-e-type=\"widget\" data-widget_type=\"image.default\">\n\t\t\t\t<div class=\"elementor-widget-container\">\n\t\t\t\t\t\t\t\t\t\t\t\t\t\t\t<img loading=\"lazy\" decoding=\"async\" width=\"500\" height=\"321\" src=\"https:\/\/raymonddouglasmd.com\/wp-content\/uploads\/2024\/11\/learn-more-image.png\" class=\"attachment-full size-full wp-image-4773\" alt=\"\" srcset=\"https:\/\/raymonddouglasmd.com\/wp-content\/uploads\/2024\/11\/learn-more-image.png 500w, https:\/\/raymonddouglasmd.com\/wp-content\/uploads\/2024\/11\/learn-more-image-300x193.png 300w\" sizes=\"(max-width: 500px) 100vw, 500px\" \/>\t\t\t\t\t\t\t\t\t\t\t\t\t\t\t<\/div>\n\t\t\t\t<\/div>\n\t\t\t\t<div class=\"elementor-element elementor-element-71ce731 elementor-widget elementor-widget-heading\" data-id=\"71ce731\" data-element_type=\"widget\" data-e-type=\"widget\" data-widget_type=\"heading.default\">\n\t\t\t\t<div class=\"elementor-widget-container\">\n\t\t\t\t\t<h2 class=\"elementor-heading-title elementor-size-default\">Obtenga su\nREPARACI\u00d3N DE PTOSIS<\/h2>\t\t\t\t<\/div>\n\t\t\t\t<\/div>\n\t\t\t\t<div class=\"elementor-element elementor-element-8e4d471 elementor-widget elementor-widget-text-editor\" data-id=\"8e4d471\" data-element_type=\"widget\" data-e-type=\"widget\" data-widget_type=\"text-editor.default\">\n\t\t\t\t<div class=\"elementor-widget-container\">\n\t\t\t\t\t\t\t\t\t<p><span style=\"background-color: var( --e-global-color-529a8b0 ); color: var( --e-global-color-text ); font-family: var( --e-global-typography-text-font-family ), Sans-serif; font-style: inherit; font-weight: inherit;\">Para averiguar si la reparaci\u00f3n de la ptosis es adecuado para usted, llame al Dr. Raymond Doublas, MD, PhD o ll\u00e1menos para reservar una cita en l\u00ednea hoy.<\/span><\/p>\t\t\t\t\t\t\t\t<\/div>\n\t\t\t\t<\/div>\n\t\t<div class=\"elementor-element elementor-element-d36c7a5 e-con-full e-flex e-con e-child\" data-id=\"d36c7a5\" data-element_type=\"container\" data-e-type=\"container\">\n\t\t\t\t<div class=\"elementor-element elementor-element-9967878 elementor-widget__width-auto elementor-mobile-align-center elementor-widget-mobile__width-inherit elementor-widget elementor-widget-button\" data-id=\"9967878\" data-element_type=\"widget\" data-e-type=\"widget\" data-widget_type=\"button.default\">\n\t\t\t\t<div class=\"elementor-widget-container\">\n\t\t\t\t\t\t\t\t\t<div class=\"elementor-button-wrapper\">\n\t\t\t\t\t<a class=\"elementor-button elementor-button-link elementor-size-md elementor-animation-shrink\" href=\"tel:3103638757\">\n\t\t\t\t\t\t<span class=\"elementor-button-content-wrapper\">\n\t\t\t\t\t\t<span class=\"elementor-button-icon\">\n\t\t\t\t<i aria-hidden=\"true\" class=\"fas fa-phone-alt\"><\/i>\t\t\t<\/span>\n\t\t\t\t\t\t\t\t\t<span class=\"elementor-button-text\">310-363-8757<\/span>\n\t\t\t\t\t<\/span>\n\t\t\t\t\t<\/a>\n\t\t\t\t<\/div>\n\t\t\t\t\t\t\t\t<\/div>\n\t\t\t\t<\/div>\n\t\t\t\t<div class=\"elementor-element elementor-element-ff84716 elementor-widget__width-auto elementor-mobile-align-center elementor-widget-mobile__width-inherit elementor-widget elementor-widget-button\" data-id=\"ff84716\" data-element_type=\"widget\" data-e-type=\"widget\" data-widget_type=\"button.default\">\n\t\t\t\t<div class=\"elementor-widget-container\">\n\t\t\t\t\t\t\t\t\t<div class=\"elementor-button-wrapper\">\n\t\t\t\t\t<a class=\"elementor-button elementor-button-link elementor-size-md elementor-animation-shrink\" href=\"\/es\/contactar-con-raymond-douglas\/\">\n\t\t\t\t\t\t<span class=\"elementor-button-content-wrapper\">\n\t\t\t\t\t\t\t\t\t<span class=\"elementor-button-text\">CONTACTO<\/span>\n\t\t\t\t\t<\/span>\n\t\t\t\t\t<\/a>\n\t\t\t\t<\/div>\n\t\t\t\t\t\t\t\t<\/div>\n\t\t\t\t<\/div>\n\t\t\t\t<\/div>\n\t\t\t\t\t<\/div>\n\t\t\t\t<\/div>\n\t\t\t\t<\/div>","protected":false},"excerpt":{"rendered":"<p>Asymmetric Blepharoplasty with Ptosis Repair This patient was unhappy with the asymmetry of her upper eyelids. Dr. Douglas performed a blepharoplasty on the right eyelid and raised the left eyelid [&hellip;]<\/p>\n","protected":false},"author":1,"featured_media":0,"parent":96,"menu_order":0,"comment_status":"closed","ping_status":"closed","template":"","meta":{"site-sidebar-layout":"no-sidebar","site-content-layout":"page-builder","ast-site-content-layout":"full-width-container","site-content-style":"unboxed","site-sidebar-style":"unboxed","ast-global-header-display":"","ast-banner-title-visibility":"","ast-main-header-display":"","ast-hfb-above-header-display":"","ast-hfb-below-header-display":"","ast-hfb-mobile-header-display":"","site-post-title":"disabled","ast-breadcrumbs-content":"","ast-featured-img":"disabled","footer-sml-layout":"","ast-disable-related-posts":"","theme-transparent-header-meta":"","adv-header-id-meta":"","stick-header-meta":"","header-above-stick-meta":"","header-main-stick-meta":"","header-below-stick-meta":"","astra-migrate-meta-layouts":"set","ast-page-background-enabled":"default","ast-page-background-meta":{"desktop":{"background-color":"var(--ast-global-color-4)","background-image":"","background-repeat":"repeat","background-position":"center center","background-size":"auto","background-attachment":"scroll","background-type":"","background-media":"","overlay-type":"","overlay-color":"","overlay-opacity":"","overlay-gradient":""},"tablet":{"background-color":"","background-image":"","background-repeat":"repeat","background-position":"center center","background-size":"auto","background-attachment":"scroll","background-type":"","background-media":"","overlay-type":"","overlay-color":"","overlay-opacity":"","overlay-gradient":""},"mobile":{"background-color":"","background-image":"","background-repeat":"repeat","background-position":"center center","background-size":"auto","background-attachment":"scroll","background-type":"","background-media":"","overlay-type":"","overlay-color":"","overlay-opacity":"","overlay-gradient":""}},"ast-content-background-meta":{"desktop":{"background-color":"var(--ast-global-color-5)","background-image":"","background-repeat":"repeat","background-position":"center center","background-size":"auto","background-attachment":"scroll","background-type":"","background-media":"","overlay-type":"","overlay-color":"","overlay-opacity":"","overlay-gradient":""},"tablet":{"background-color":"var(--ast-global-color-5)","background-image":"","background-repeat":"repeat","background-position":"center center","background-size":"auto","background-attachment":"scroll","background-type":"","background-media":"","overlay-type":"","overlay-color":"","overlay-opacity":"","overlay-gradient":""},"mobile":{"background-color":"var(--ast-global-color-5)","background-image":"","background-repeat":"repeat","background-position":"center center","background-size":"auto","background-attachment":"scroll","background-type":"","background-media":"","overlay-type":"","overlay-color":"","overlay-opacity":"","overlay-gradient":""}},"footnotes":""},"class_list":["post-1677","page","type-page","status-publish","hentry"],"_links":{"self":[{"href":"https:\/\/raymonddouglasmd.com\/es\/wp-json\/wp\/v2\/pages\/1677","targetHints":{"allow":["GET"]}}],"collection":[{"href":"https:\/\/raymonddouglasmd.com\/es\/wp-json\/wp\/v2\/pages"}],"about":[{"href":"https:\/\/raymonddouglasmd.com\/es\/wp-json\/wp\/v2\/types\/page"}],"author":[{"embeddable":true,"href":"https:\/\/raymonddouglasmd.com\/es\/wp-json\/wp\/v2\/users\/1"}],"replies":[{"embeddable":true,"href":"https:\/\/raymonddouglasmd.com\/es\/wp-json\/wp\/v2\/comments?post=1677"}],"version-history":[{"count":46,"href":"https:\/\/raymonddouglasmd.com\/es\/wp-json\/wp\/v2\/pages\/1677\/revisions"}],"predecessor-version":[{"id":5533,"href":"https:\/\/raymonddouglasmd.com\/es\/wp-json\/wp\/v2\/pages\/1677\/revisions\/5533"}],"up":[{"embeddable":true,"href":"https:\/\/raymonddouglasmd.com\/es\/wp-json\/wp\/v2\/pages\/96"}],"wp:attachment":[{"href":"https:\/\/raymonddouglasmd.com\/es\/wp-json\/wp\/v2\/media?parent=1677"}],"curies":[{"name":"wp","href":"https:\/\/api.w.org\/{rel}","templated":true}]}}