{"id":15,"date":"2022-04-01T01:56:57","date_gmt":"2022-04-01T01:56:57","guid":{"rendered":"https:\/\/raymonddouglasmd.com\/?page_id=15"},"modified":"2026-03-24T19:31:03","modified_gmt":"2026-03-24T19:31:03","slug":"conozca-al-dr-douglas","status":"publish","type":"page","link":"https:\/\/raymonddouglasmd.com\/es\/conozca-al-dr-douglas","title":{"rendered":"Conozca al Dr. Douglas"},"content":{"rendered":"<div data-elementor-type=\"wp-page\" data-elementor-id=\"15\" class=\"elementor elementor-15\" data-elementor-post-type=\"page\">\n\t\t\t\t\t\t<section class=\"elementor-section elementor-top-section elementor-element elementor-element-fff35e0 mobile-full-width elementor-section-boxed elementor-section-height-default elementor-section-height-default\" data-id=\"fff35e0\" data-element_type=\"section\" data-e-type=\"section\">\n\t\t\t\t\t\t<div class=\"elementor-container elementor-column-gap-default\">\n\t\t\t\t\t<div class=\"elementor-column elementor-col-50 elementor-top-column elementor-element elementor-element-cbc3739\" data-id=\"cbc3739\" data-element_type=\"column\" data-e-type=\"column\">\n\t\t\t<div class=\"elementor-widget-wrap elementor-element-populated\">\n\t\t\t\t\t\t<div class=\"elementor-element elementor-element-7c05fb5 elementor-widget elementor-widget-image\" data-id=\"7c05fb5\" data-element_type=\"widget\" data-e-type=\"widget\" data-widget_type=\"image.default\">\n\t\t\t\t<div class=\"elementor-widget-container\">\n\t\t\t\t\t\t\t\t\t\t\t\t\t\t\t<img fetchpriority=\"high\" decoding=\"async\" width=\"500\" height=\"500\" src=\"https:\/\/raymonddouglasmd.com\/wp-content\/uploads\/2022\/05\/meet-dr-douglas.jpg\" class=\"attachment-large size-large wp-image-2406\" alt=\"Raymond Douglas: Especialista en cirug\u00eda oculopl\u00e1stica cerca de m\u00ed\" srcset=\"https:\/\/raymonddouglasmd.com\/wp-content\/uploads\/2022\/05\/meet-dr-douglas.jpg 500w, https:\/\/raymonddouglasmd.com\/wp-content\/uploads\/2022\/05\/meet-dr-douglas-300x300.jpg 300w, https:\/\/raymonddouglasmd.com\/wp-content\/uploads\/2022\/05\/meet-dr-douglas-150x150.jpg 150w\" sizes=\"(max-width: 500px) 100vw, 500px\" \/>\t\t\t\t\t\t\t\t\t\t\t\t\t\t\t<\/div>\n\t\t\t\t<\/div>\n\t\t\t\t\t<\/div>\n\t\t<\/div>\n\t\t\t\t<div class=\"elementor-column elementor-col-50 elementor-top-column elementor-element elementor-element-be28c71\" data-id=\"be28c71\" data-element_type=\"column\" data-e-type=\"column\">\n\t\t\t<div class=\"elementor-widget-wrap elementor-element-populated\">\n\t\t\t\t\t\t<div class=\"elementor-element elementor-element-451dbf3 elementor-widget elementor-widget-heading\" data-id=\"451dbf3\" data-element_type=\"widget\" data-e-type=\"widget\" data-widget_type=\"heading.default\">\n\t\t\t\t<div class=\"elementor-widget-container\">\n\t\t\t\t\t<h2 class=\"elementor-heading-title elementor-size-default\">Sobre el Dr. Douglas<\/h2>\t\t\t\t<\/div>\n\t\t\t\t<\/div>\n\t\t\t\t<div class=\"elementor-element elementor-element-77b59b7 elementor-widget elementor-widget-text-editor\" data-id=\"77b59b7\" data-element_type=\"widget\" data-e-type=\"widget\" data-widget_type=\"text-editor.default\">\n\t\t\t\t<div class=\"elementor-widget-container\">\n\t\t\t\t\t\t\t\t\t<p>Raymond Douglas, MD, PhD, es un cirujano oculopl\u00e1stico est\u00e9tico y reconstructivo de renombre mundial, certificado por la junta en Beverly Hills, California. Est\u00e1 especializado en cirug\u00eda oculopl\u00e1stica est\u00e9tica y reconstructiva, as\u00ed como en el tratamiento y las transformaciones de la enfermedad ocular tiroidea (TED). Es uno de los principales cient\u00edficos en el desarrollo del \u00fanico tratamiento aprobado por la FDA para la DET (Tepezza) y ha sido pionero en muchas t\u00e9cnicas de transformaci\u00f3n est\u00e9tica de la DET.<\/p><p><span style=\"background-color: var(--ast-global-color-5); color: var( --e-global-color-text ); font-family: var( --e-global-typography-text-font-family ), Sans-serif; font-style: inherit; font-weight: inherit;\">El Dr. Douglas se gradu\u00f3 con distinci\u00f3n acad\u00e9mica en la Universidad de Pensilvania, donde complet\u00f3 su formaci\u00f3n m\u00e9dica y su doctorado en inmunolog\u00eda. A continuaci\u00f3n, termin\u00f3 una beca de cirug\u00eda pl\u00e1stica y reconstructiva orbitofacial en el Stein Eye Institute de la Universidad de California en Los \u00c1ngeles (UCLA).<\/span><\/p><p><span style=\"background-color: var(--ast-global-color-5); color: var( --e-global-color-text ); font-family: var( --e-global-typography-text-font-family ), Sans-serif; font-style: inherit; font-weight: inherit;\">El Dr. Douglas ha dedicado los \u00faltimos 15 a\u00f1os a comprender, investigar y tratar afecciones oculopl\u00e1sticas, incluida la enfermedad ocular tiroidea (EOT). El Dr. Douglas, junto con su equipo, fue pionero en la investigaci\u00f3n de las v\u00edas implicadas en la DET, lo que condujo a la identificaci\u00f3n del Tepezza. Fue el investigador principal de los ensayos cl\u00ednicos internacionales que condujeron a la aprobaci\u00f3n de la FDA y la primera persona del mundo en tratar a pacientes con Tepezza tras su aprobaci\u00f3n por la FDA.<\/span><\/p><p><span style=\"background-color: var(--ast-global-color-5); color: var( --e-global-color-text ); font-family: var( --e-global-typography-text-font-family ), Sans-serif; font-style: inherit; font-weight: inherit;\">En su consulta de Beverly Hills, el Dr. Douglas ofrece una variedad de tratamientos quir\u00fargicos y no quir\u00fargicos. Estos servicios incluyen desde la administraci\u00f3n concierge de Tepezza hasta procedimientos quir\u00fargicos est\u00e9ticos y funcionales personalizados. Tambi\u00e9n ha sido pionero en las transformaciones TED para ayudar a los pacientes a recuperar su aspecto anterior a la enfermedad. La experiencia del Dr. Douglas es buscada por los pacientes tanto a nivel local como internacional, con pacientes 50% que viajan desde fuera del estado y del pa\u00eds para recibir atenci\u00f3n especializada por \u00e9l.<\/span><\/p><p><span style=\"background-color: var(--ast-global-color-5); color: var( --e-global-color-text ); font-family: var( --e-global-typography-text-font-family ), Sans-serif; font-style: inherit; font-weight: inherit;\">El Dr. Douglas tambi\u00e9n es profesor en el Hospital Cedars Sinai de Los \u00c1ngeles, donde dirige los programas orbitario y TED.<\/span><\/p><p><span style=\"background-color: var(--ast-global-color-5); color: var( --e-global-color-text ); font-family: var( --e-global-typography-text-font-family ), Sans-serif; font-style: inherit; font-weight: inherit;\">El Dr. Douglas cree firmemente que la medicina y la necesidad de cirug\u00eda deben combinarse con un enfoque hol\u00edstico centrado en la salud y el bienestar general. Es un firme defensor de un estilo de vida antiinflamatorio para la salud, el bienestar y la longevidad. El Dr. Douglas ofrece a sus pacientes un estilo de vida y recomendaciones diet\u00e9ticas espec\u00edficamente adaptadas a sus necesidades y objetivos \u00fanicos.<\/span><\/p>\t\t\t\t\t\t\t\t<\/div>\n\t\t\t\t<\/div>\n\t\t\t\t<div class=\"elementor-element elementor-element-808943f e-grid-align-left elementor-shape-rounded elementor-grid-0 elementor-widget elementor-widget-social-icons\" data-id=\"808943f\" data-element_type=\"widget\" data-e-type=\"widget\" data-widget_type=\"social-icons.default\">\n\t\t\t\t<div class=\"elementor-widget-container\">\n\t\t\t\t\t\t\t<div class=\"elementor-social-icons-wrapper elementor-grid\" role=\"list\">\n\t\t\t\t\t\t\t<span class=\"elementor-grid-item\" role=\"listitem\">\n\t\t\t\t\t<a class=\"elementor-icon elementor-social-icon elementor-social-icon-instagram elementor-repeater-item-3001a2c\" href=\"https:\/\/www.instagram.com\/drraymonddouglas\/\" target=\"_blank\" rel=\"noopener\">\n\t\t\t\t\t\t<span class=\"elementor-screen-only\">Instagram<\/span>\n\t\t\t\t\t\t<i aria-hidden=\"true\" class=\"fab fa-instagram\"><\/i>\t\t\t\t\t<\/a>\n\t\t\t\t<\/span>\n\t\t\t\t\t\t\t<span class=\"elementor-grid-item\" role=\"listitem\">\n\t\t\t\t\t<a class=\"elementor-icon elementor-social-icon elementor-social-icon-facebook elementor-repeater-item-3336efd\" href=\"https:\/\/www.facebook.com\/theeyeguybh\" target=\"_blank\" rel=\"noopener\">\n\t\t\t\t\t\t<span class=\"elementor-screen-only\">Facebook<\/span>\n\t\t\t\t\t\t<i aria-hidden=\"true\" class=\"fab fa-facebook\"><\/i>\t\t\t\t\t<\/a>\n\t\t\t\t<\/span>\n\t\t\t\t\t\t\t<span class=\"elementor-grid-item\" role=\"listitem\">\n\t\t\t\t\t<a class=\"elementor-icon elementor-social-icon elementor-social-icon-youtube elementor-repeater-item-410ca07\" href=\"https:\/\/www.youtube.com\/channel\/UCNp3hM0LLC7Z89dwl68abZw\" target=\"_blank\" rel=\"noopener\">\n\t\t\t\t\t\t<span class=\"elementor-screen-only\">Youtube<\/span>\n\t\t\t\t\t\t<i aria-hidden=\"true\" class=\"fab fa-youtube\"><\/i>\t\t\t\t\t<\/a>\n\t\t\t\t<\/span>\n\t\t\t\t\t\t\t<span class=\"elementor-grid-item\" role=\"listitem\">\n\t\t\t\t\t<a class=\"elementor-icon elementor-social-icon elementor-social-icon-yelp elementor-repeater-item-262cf58\" href=\"https:\/\/www.yelp.com\/biz\/raymond-douglas-md-phd-beverly-hills\" target=\"_blank\" rel=\"noopener\">\n\t\t\t\t\t\t<span class=\"elementor-screen-only\">Yelp<\/span>\n\t\t\t\t\t\t<i aria-hidden=\"true\" class=\"fab fa-yelp\"><\/i>\t\t\t\t\t<\/a>\n\t\t\t\t<\/span>\n\t\t\t\t\t\t\t<span class=\"elementor-grid-item\" role=\"listitem\">\n\t\t\t\t\t<a class=\"elementor-icon elementor-social-icon elementor-social-icon-linkedin elementor-repeater-item-d21ad04\" href=\"https:\/\/www.linkedin.com\/in\/raymond-douglas-m-d-ph-d-a9336530\/\" target=\"_blank\" rel=\"noopener\">\n\t\t\t\t\t\t<span class=\"elementor-screen-only\">Linkedin<\/span>\n\t\t\t\t\t\t<i aria-hidden=\"true\" class=\"fab fa-linkedin\"><\/i>\t\t\t\t\t<\/a>\n\t\t\t\t<\/span>\n\t\t\t\t\t<\/div>\n\t\t\t\t\t\t<\/div>\n\t\t\t\t<\/div>\n\t\t\t\t\t<\/div>\n\t\t<\/div>\n\t\t\t\t\t<\/div>\n\t\t<\/section>\n\t\t\t\t<\/div>","protected":false},"excerpt":{"rendered":"<p>About Dr. Douglas Raymond Douglas, MD, PhD, is a world-renowned, board-certified aesthetic and reconstructive oculoplastic surgeon in Beverly Hills, California. He specializes in aesthetic and reconstructive oculoplastic surgery as well [&hellip;]<\/p>\n","protected":false},"author":1,"featured_media":0,"parent":0,"menu_order":0,"comment_status":"closed","ping_status":"closed","template":"","meta":{"site-sidebar-layout":"no-sidebar","site-content-layout":"page-builder","ast-site-content-layout":"full-width-container","site-content-style":"unboxed","site-sidebar-style":"unboxed","ast-global-header-display":"","ast-banner-title-visibility":"","ast-main-header-display":"","ast-hfb-above-header-display":"","ast-hfb-below-header-display":"","ast-hfb-mobile-header-display":"","site-post-title":"disabled","ast-breadcrumbs-content":"","ast-featured-img":"disabled","footer-sml-layout":"","ast-disable-related-posts":"","theme-transparent-header-meta":"","adv-header-id-meta":"","stick-header-meta":"","header-above-stick-meta":"","header-main-stick-meta":"","header-below-stick-meta":"","astra-migrate-meta-layouts":"set","ast-page-background-enabled":"default","ast-page-background-meta":{"desktop":{"background-color":"var(--ast-global-color-4)","background-image":"","background-repeat":"repeat","background-position":"center center","background-size":"auto","background-attachment":"scroll","background-type":"","background-media":"","overlay-type":"","overlay-color":"","overlay-opacity":"","overlay-gradient":""},"tablet":{"background-color":"","background-image":"","background-repeat":"repeat","background-position":"center center","background-size":"auto","background-attachment":"scroll","background-type":"","background-media":"","overlay-type":"","overlay-color":"","overlay-opacity":"","overlay-gradient":""},"mobile":{"background-color":"","background-image":"","background-repeat":"repeat","background-position":"center center","background-size":"auto","background-attachment":"scroll","background-type":"","background-media":"","overlay-type":"","overlay-color":"","overlay-opacity":"","overlay-gradient":""}},"ast-content-background-meta":{"desktop":{"background-color":"var(--ast-global-color-5)","background-image":"","background-repeat":"repeat","background-position":"center center","background-size":"auto","background-attachment":"scroll","background-type":"","background-media":"","overlay-type":"","overlay-color":"","overlay-opacity":"","overlay-gradient":""},"tablet":{"background-color":"var(--ast-global-color-5)","background-image":"","background-repeat":"repeat","background-position":"center center","background-size":"auto","background-attachment":"scroll","background-type":"","background-media":"","overlay-type":"","overlay-color":"","overlay-opacity":"","overlay-gradient":""},"mobile":{"background-color":"var(--ast-global-color-5)","background-image":"","background-repeat":"repeat","background-position":"center center","background-size":"auto","background-attachment":"scroll","background-type":"","background-media":"","overlay-type":"","overlay-color":"","overlay-opacity":"","overlay-gradient":""}},"footnotes":""},"class_list":["post-15","page","type-page","status-publish","hentry"],"_links":{"self":[{"href":"https:\/\/raymonddouglasmd.com\/es\/wp-json\/wp\/v2\/pages\/15","targetHints":{"allow":["GET"]}}],"collection":[{"href":"https:\/\/raymonddouglasmd.com\/es\/wp-json\/wp\/v2\/pages"}],"about":[{"href":"https:\/\/raymonddouglasmd.com\/es\/wp-json\/wp\/v2\/types\/page"}],"author":[{"embeddable":true,"href":"https:\/\/raymonddouglasmd.com\/es\/wp-json\/wp\/v2\/users\/1"}],"replies":[{"embeddable":true,"href":"https:\/\/raymonddouglasmd.com\/es\/wp-json\/wp\/v2\/comments?post=15"}],"version-history":[{"count":92,"href":"https:\/\/raymonddouglasmd.com\/es\/wp-json\/wp\/v2\/pages\/15\/revisions"}],"predecessor-version":[{"id":8925,"href":"https:\/\/raymonddouglasmd.com\/es\/wp-json\/wp\/v2\/pages\/15\/revisions\/8925"}],"wp:attachment":[{"href":"https:\/\/raymonddouglasmd.com\/es\/wp-json\/wp\/v2\/media?parent=15"}],"curies":[{"name":"wp","href":"https:\/\/api.w.org\/{rel}","templated":true}]}}